{"id":801,"date":"2026-03-26T21:37:33","date_gmt":"2026-03-26T20:37:33","guid":{"rendered":"https:\/\/foexam.es\/?page_id=801"},"modified":"2026-03-26T21:54:00","modified_gmt":"2026-03-26T20:54:00","slug":"formulario-rise","status":"publish","type":"page","link":"https:\/\/foexam.es\/index.php\/formulario-rise\/","title":{"rendered":"Formulario RISE"},"content":{"rendered":"<div class=\"frm_forms  with_frm_style frm_style_estilo-de-formidable\" id=\"frm_form_9_container\" data-token=\"f907baada1c17074852f16c90cf9069d\">\n<form enctype=\"multipart\/form-data\" method=\"post\" class=\"frm-show-form \" id=\"form_rise\" data-token=\"f907baada1c17074852f16c90cf9069d\">\n<div class=\"frm_form_fields \">\n<fieldset>\n<legend class=\"frm_screen_reader\">RISE<\/legend>\r\n\r\n<div class=\"frm_fields_container\">\n<input type=\"hidden\" name=\"frm_action\" value=\"create\" \/>\n<input type=\"hidden\" name=\"form_id\" value=\"9\" \/>\n<input type=\"hidden\" name=\"frm_hide_fields_9\" id=\"frm_hide_fields_9\" value=\"\" \/>\n<input type=\"hidden\" name=\"form_key\" value=\"rise\" \/>\n<input type=\"hidden\" name=\"item_meta[0]\" value=\"\" \/>\n<input type=\"hidden\" id=\"frm_submit_entry_9\" name=\"frm_submit_entry_9\" value=\"a0a009a1c9\" \/><input type=\"hidden\" name=\"_wp_http_referer\" value=\"\/index.php\/wp-json\/wp\/v2\/pages\/801\" \/><div id=\"frm_field_72_container\" class=\"frm_form_field form-field  frm_required_field frm_top_container frm_first frm_half\">\r\n    <label for=\"field_qh4icy2\" class=\"frm_primary_label\">Nombre\r\n        <span class=\"frm_required\">*<\/span>\r\n    <\/label>\r\n    <input type=\"text\" id=\"field_qh4icy2\" name=\"item_meta[72]\" value=\"\"  data-reqmsg=\"Nombre cannot be blank.\" aria-required=\"true\" data-invmsg=\"Nombre no es v\u00e1lido\" aria-invalid=\"false\"   aria-describedby=\"frm_desc_field_qh4icy2\"\/>\r\n    <div class=\"frm_description\" id=\"frm_desc_field_qh4icy2\">First<\/div>\r\n    \r\n<\/div>\n<div id=\"frm_field_73_container\" class=\"frm_form_field form-field  frm_required_field frm_hidden_container frm_half\">\r\n    <label for=\"field_ocfup12\" class=\"frm_primary_label\">Apellidos\r\n        <span class=\"frm_required\">*<\/span>\r\n    <\/label>\r\n    <input type=\"text\" id=\"field_ocfup12\" name=\"item_meta[73]\" value=\"\"  data-reqmsg=\"Apellidos cannot be blank.\" aria-required=\"true\" data-invmsg=\"Apellidos no es v\u00e1lido\" aria-invalid=\"false\"   aria-describedby=\"frm_desc_field_ocfup12\"\/>\r\n    <div class=\"frm_description\" id=\"frm_desc_field_ocfup12\">Last<\/div>\r\n    \r\n<\/div>\n<div id=\"frm_field_74_container\" class=\"frm_form_field form-field  frm_required_field frm_top_container frm4 frm_first\">\r\n    <label for=\"field_29yf4d2\" class=\"frm_primary_label\">Email\r\n        <span class=\"frm_required\">*<\/span>\r\n    <\/label>\r\n    <input type=\"email\" id=\"field_29yf4d2\" name=\"item_meta[74]\" value=\"\"  data-reqmsg=\"Email cannot be blank.\" aria-required=\"true\" data-invmsg=\"Please enter a valid email address\" aria-invalid=\"false\"  \/>\r\n    \r\n    \r\n<\/div>\n<div id=\"frm_field_80_container\" class=\"frm_form_field form-field  frm_required_field frm_top_container frm4\">\r\n\t<label for=\"field_jboqp\" id=\"field_jboqp_label\" class=\"frm_primary_label\">Tel\u00e9fono\r\n\t\t<span class=\"frm_required\" aria-hidden=\"true\">*<\/span>\r\n\t<\/label>\r\n\t<input type=\"text\" id=\"field_jboqp\" name=\"item_meta[80]\" value=\"\"  data-reqmsg=\"Tel\u00e9fono no puede estar en blanco.\" aria-required=\"true\" data-invmsg=\"Tel\u00e9fono no es v\u00e1lido\" aria-invalid=\"false\"  \/>\r\n\t\r\n\t\r\n<\/div>\n<div id=\"frm_field_78_container\" class=\"frm_form_field form-field  frm_required_field frm_top_container frm4\">\r\n\t<label for=\"field_4gpil\" id=\"field_4gpil_label\" class=\"frm_primary_label\">DNI\r\n\t\t<span class=\"frm_required\" aria-hidden=\"true\">*<\/span>\r\n\t<\/label>\r\n\t<input type=\"text\" id=\"field_4gpil\" name=\"item_meta[78]\" value=\"\"  data-reqmsg=\"DNI no puede estar en blanco.\" aria-required=\"true\" data-invmsg=\"DNI no es v\u00e1lido\" aria-invalid=\"false\"  \/>\r\n\t\r\n\t\r\n<\/div>\n<div id=\"frm_field_79_container\" class=\"frm_form_field form-field  frm_required_field frm_top_container frm3 frm_first\">\r\n\t<label for=\"field_3xgom\" id=\"field_3xgom_label\" class=\"frm_primary_label\">Direcci\u00f3n\r\n\t\t<span class=\"frm_required\" aria-hidden=\"true\">*<\/span>\r\n\t<\/label>\r\n\t<input type=\"text\" id=\"field_3xgom\" name=\"item_meta[79]\" value=\"\"  data-reqmsg=\"Direcci\u00f3n no puede estar en blanco.\" aria-required=\"true\" data-invmsg=\"Direcci\u00f3n no es v\u00e1lido\" aria-invalid=\"false\"  \/>\r\n\t\r\n\t\r\n<\/div>\n<div id=\"frm_field_81_container\" class=\"frm_form_field form-field  frm_required_field frm_top_container frm3\">\r\n\t<label for=\"field_jdwau\" id=\"field_jdwau_label\" class=\"frm_primary_label\">C\u00f3digo postal\r\n\t\t<span class=\"frm_required\" aria-hidden=\"true\">*<\/span>\r\n\t<\/label>\r\n\t<input type=\"text\" id=\"field_jdwau\" name=\"item_meta[81]\" value=\"\"  data-reqmsg=\"C\u00f3digo postal no puede estar en blanco.\" aria-required=\"true\" data-invmsg=\"C\u00f3digo postal no es v\u00e1lido\" aria-invalid=\"false\"  \/>\r\n\t\r\n\t\r\n<\/div>\n<div id=\"frm_field_82_container\" class=\"frm_form_field form-field  frm_required_field frm_top_container frm3\">\r\n\t<label for=\"field_gcdoz\" id=\"field_gcdoz_label\" class=\"frm_primary_label\">Municipio\r\n\t\t<span class=\"frm_required\" aria-hidden=\"true\">*<\/span>\r\n\t<\/label>\r\n\t<input type=\"text\" id=\"field_gcdoz\" name=\"item_meta[82]\" value=\"\"  data-reqmsg=\"Municipio no puede estar en blanco.\" aria-required=\"true\" data-invmsg=\"Municipio no es v\u00e1lido\" aria-invalid=\"false\"  \/>\r\n\t\r\n\t\r\n<\/div>\n<div id=\"frm_field_83_container\" class=\"frm_form_field form-field  frm_required_field frm_top_container frm3\">\r\n\t<label for=\"field_xmsyo\" id=\"field_xmsyo_label\" class=\"frm_primary_label\">Provincia\r\n\t\t<span class=\"frm_required\" aria-hidden=\"true\">*<\/span>\r\n\t<\/label>\r\n\t<input type=\"text\" id=\"field_xmsyo\" name=\"item_meta[83]\" value=\"\"  data-reqmsg=\"Provincia no puede estar en blanco.\" aria-required=\"true\" data-invmsg=\"Provincia no es v\u00e1lido\" aria-invalid=\"false\"  \/>\r\n\t\r\n\t\r\n<\/div>\n<div id=\"frm_field_85_container\" class=\"frm_form_field form-field  frm_required_field frm_top_container frm6 frm_first\">\r\n\t<label for=\"field_m3eev\" id=\"field_m3eev_label\" class=\"frm_primary_label\">Profesi\u00f3n\r\n\t\t<span class=\"frm_required\" aria-hidden=\"true\">*<\/span>\r\n\t<\/label>\r\n\t<input type=\"text\" id=\"field_m3eev\" name=\"item_meta[85]\" value=\"\"  data-reqmsg=\"Profesi\u00f3n no puede estar en blanco.\" aria-required=\"true\" data-invmsg=\"Profesi\u00f3n no es v\u00e1lido\" aria-invalid=\"false\"  \/>\r\n\t\r\n\t\r\n<\/div>\n<div id=\"frm_field_84_container\" class=\"frm_form_field form-field  frm_required_field frm_top_container frm6\">\r\n\t<label for=\"field_bnh2l\" id=\"field_bnh2l_label\" class=\"frm_primary_label\">Categor\u00eda\r\n\t\t<span class=\"frm_required\" aria-hidden=\"true\">*<\/span>\r\n\t<\/label>\r\n\t<input type=\"text\" id=\"field_bnh2l\" name=\"item_meta[84]\" value=\"\"  data-reqmsg=\"Categor\u00eda no puede estar en blanco.\" aria-required=\"true\" data-invmsg=\"Categor\u00eda no es v\u00e1lido\" aria-invalid=\"false\"  \/>\r\n\t\r\n\t\r\n<\/div>\n<div id=\"frm_field_88_container\" class=\"frm_form_field form-field  frm_top_container frm6 frm_first\">\r\n\t<label for=\"field_zh0h3\" id=\"field_zh0h3_label\" class=\"frm_primary_label\">Alergias\r\n\t\t<span class=\"frm_required\" aria-hidden=\"true\"><\/span>\r\n\t<\/label>\r\n\t<input type=\"text\" id=\"field_zh0h3\" name=\"item_meta[88]\" value=\"\"  data-invmsg=\"Alergias no es v\u00e1lido\" aria-invalid=\"false\"  \/>\r\n\t\r\n\t\r\n<\/div>\n<div id=\"frm_field_89_container\" class=\"frm_form_field form-field  frm_top_container frm6\">\r\n\t<label for=\"field_2akb1\" id=\"field_2akb1_label\" class=\"frm_primary_label\">Dolencias o lesiones\r\n\t\t<span class=\"frm_required\" aria-hidden=\"true\"><\/span>\r\n\t<\/label>\r\n\t<input type=\"text\" id=\"field_2akb1\" name=\"item_meta[89]\" value=\"\"  data-invmsg=\"Dolencias o lesiones no es v\u00e1lido\" aria-invalid=\"false\"  \/>\r\n\t\r\n\t\r\n<\/div>\n<div id=\"frm_field_76_container\" class=\"frm_form_field form-field  frm_top_container frm_full\">\r\n    <label for=\"field_9jv0r12\" class=\"frm_primary_label\">Message\r\n        <span class=\"frm_required\"><\/span>\r\n    <\/label>\r\n    <textarea name=\"item_meta[76]\" id=\"field_9jv0r12\" rows=\"5\"  data-invmsg=\"Message no es v\u00e1lido\" aria-invalid=\"false\"  ><\/textarea>\r\n    \r\n    \r\n<\/div>\n<div id=\"frm_field_86_container\" class=\"frm_form_field form-field  frm_required_field frm_top_container vertical_radio\">\r\n\t<div  id=\"field_9x0c9_label\" class=\"frm_primary_label\">Consentimiento\r\n\t\t<span class=\"frm_required\" aria-hidden=\"true\">*<\/span>\r\n\t<\/div>\r\n\t<div class=\"frm_opt_container\" aria-labelledby=\"field_9x0c9_label\" role=\"group\">\t\t<div class=\"frm_checkbox\" id=\"frm_checkbox_86-0\">\t\t\t<label  for=\"field_9x0c9-0\">\n\t\t\t<input type=\"checkbox\" name=\"item_meta[86][]\" id=\"field_9x0c9-0\" value=\"Al enviar este formulario, usted otorga su consentimiento expreso para que sus datos personales sean tratados por FoeXam, con la finalidad de gestionar su solicitud, as\u00ed como para el env\u00edo de informaci\u00f3n relevante, comunicaciones comerciales y documentos asociados a sus peticiones, de acuerdo con lo establecido en la Ley Org\u00e1nica 3\/2018, de 5 de diciembre, de Protecci\u00f3n de Datos Personales y garant\u00eda de los derechos digitales y el Reglamento (UE) 2016\/679 del Parlamento Europeo y del Consejo, relativo a la protecci\u00f3n de las personas f\u00edsicas en lo que respecta al tratamiento de datos personales y a la libre circulaci\u00f3n de estos datos. Le informamos que puede ejercer sus derechos de acceso, rectificaci\u00f3n, cancelaci\u00f3n, oposici\u00f3n, limitaci\u00f3n del tratamiento, portabilidad y supresi\u00f3n de sus datos, mediante solicitud escrita dirigida a privacidad@foexam.es. Asimismo, al marcar esta casilla, autoriza el env\u00edo de comunicaciones electr\u00f3nicas, incluidos correos electr\u00f3nicos y otros documentos relacionados con el servicio o la informaci\u00f3n solicitada.\"  data-reqmsg=\"Consentimiento no puede estar en blanco.\" data-invmsg=\"Consentimiento no es v\u00e1lido\"   aria-required=\"true\"  \/> Al enviar este formulario, usted otorga su consentimiento expreso para que sus datos personales sean tratados por FoeXam, con la finalidad de gestionar su solicitud, as\u00ed como para el env\u00edo de informaci\u00f3n relevante, comunicaciones comerciales y documentos asociados a sus peticiones, de acuerdo con lo establecido en la Ley Org\u00e1nica 3\/2018, de 5 de diciembre, de Protecci\u00f3n de Datos Personales y garant\u00eda de los derechos digitales y el Reglamento (UE) 2016\/679 del Parlamento Europeo y del Consejo, relativo a la protecci\u00f3n de las personas f\u00edsicas en lo que respecta al tratamiento de datos personales y a la libre circulaci\u00f3n de estos datos. Le informamos que puede ejercer sus derechos de acceso, rectificaci\u00f3n, cancelaci\u00f3n, oposici\u00f3n, limitaci\u00f3n del tratamiento, portabilidad y supresi\u00f3n de sus datos, mediante solicitud escrita dirigida a privacidad@foexam.es. Asimismo, al marcar esta casilla, autoriza el env\u00edo de comunicaciones electr\u00f3nicas, incluidos correos electr\u00f3nicos y otros documentos relacionados con el servicio o la informaci\u00f3n solicitada.<\/label><\/div>\n<\/div>\r\n\t\r\n\t\r\n<\/div>\n<div id=\"frm_field_87_container\" class=\"frm_form_field form-field  frm_none_container\">\r\n\t<label for=\"g-recaptcha-response\" id=\"field_8jy8e_label\" class=\"frm_primary_label\">Captcha\r\n\t\t<span class=\"frm_required\" aria-hidden=\"true\"><\/span>\r\n\t<\/label>\r\n\t<div  id=\"field_8jy8e\" class=\"frm-g-recaptcha\" data-sitekey=\"6LePkK4rAAAAAGYGSetAVAfQ-UWEVNGIug0NvLi3\" data-size=\"invisible\" data-theme=\"light\"><\/div>\r\n\t\r\n\t\r\n<\/div>\n<div id=\"frm_field_77_container\" class=\"frm_form_field form-field \">\r\n\t<div class=\"frm_submit\">\r\n\r\n<button class=\"frm_button_submit\" type=\"submit\" >Enviar<\/button>\r\n\r\n<\/div>\r\n<\/div>\n\t<input type=\"hidden\" name=\"item_key\" value=\"\" \/>\n\t\t\t<div id=\"frm_field_90_container\">\n\t\t\t<label for=\"field_2ctkq\" >\n\t\t\t\tSi eres humano, deja este campo en blanco.\t\t\t<\/label>\n\t\t\t<input  id=\"field_2ctkq\" type=\"text\" class=\"frm_form_field form-field frm_verify\" name=\"item_meta[90]\" value=\"\"  \/>\n\t\t<\/div>\n\t\t<input name=\"frm_state\" type=\"hidden\" value=\"nKwOiVw9Jx2dFnQJR584aXTG0Q0AI0LrIgvWKxxJXpM=\" \/><\/div>\n<\/fieldset>\n<\/div>\n\n<p style=\"display: none !important;\" class=\"akismet-fields-container\" data-prefix=\"ak_\"><label>&#916;<textarea name=\"ak_hp_textarea\" cols=\"45\" rows=\"8\" maxlength=\"100\"><\/textarea><\/label><input type=\"hidden\" id=\"ak_js_1\" name=\"ak_js\" value=\"134\"\/><script>document.getElementById( \"ak_js_1\" ).setAttribute( \"value\", ( new Date() ).getTime() );<\/script><\/p><\/form>\n<\/div>\n","protected":false},"excerpt":{"rendered":"","protected":false},"author":1,"featured_media":0,"parent":0,"menu_order":0,"comment_status":"closed","ping_status":"closed","template":"","meta":{"_uag_custom_page_level_css":"","footnotes":""},"class_list":["post-801","page","type-page","status-publish","hentry"],"uagb_featured_image_src":{"full":false,"thumbnail":false,"medium":false,"medium_large":false,"large":false,"1536x1536":false,"2048x2048":false,"mailpoet_newsletter_max":false,"woocommerce_thumbnail":false,"woocommerce_single":false,"woocommerce_gallery_thumbnail":false},"uagb_author_info":{"display_name":"admin","author_link":"https:\/\/foexam.es\/index.php\/author\/admin\/"},"uagb_comment_info":0,"uagb_excerpt":null,"_links":{"self":[{"href":"https:\/\/foexam.es\/index.php\/wp-json\/wp\/v2\/pages\/801","targetHints":{"allow":["GET"]}}],"collection":[{"href":"https:\/\/foexam.es\/index.php\/wp-json\/wp\/v2\/pages"}],"about":[{"href":"https:\/\/foexam.es\/index.php\/wp-json\/wp\/v2\/types\/page"}],"author":[{"embeddable":true,"href":"https:\/\/foexam.es\/index.php\/wp-json\/wp\/v2\/users\/1"}],"replies":[{"embeddable":true,"href":"https:\/\/foexam.es\/index.php\/wp-json\/wp\/v2\/comments?post=801"}],"version-history":[{"count":2,"href":"https:\/\/foexam.es\/index.php\/wp-json\/wp\/v2\/pages\/801\/revisions"}],"predecessor-version":[{"id":803,"href":"https:\/\/foexam.es\/index.php\/wp-json\/wp\/v2\/pages\/801\/revisions\/803"}],"wp:attachment":[{"href":"https:\/\/foexam.es\/index.php\/wp-json\/wp\/v2\/media?parent=801"}],"curies":[{"name":"wp","href":"https:\/\/api.w.org\/{rel}","templated":true}]}}