{"id":681,"date":"2025-12-18T11:39:22","date_gmt":"2025-12-18T10:39:22","guid":{"rendered":"https:\/\/foexam.es\/?page_id=681"},"modified":"2025-12-18T20:42:21","modified_gmt":"2025-12-18T19:42:21","slug":"simulacro-de-examen","status":"publish","type":"page","link":"https:\/\/foexam.es\/index.php\/simulacro-de-examen\/","title":{"rendered":"Simulacro de examen"},"content":{"rendered":"\n<div class=\"wp-block-uagb-container uagb-block-62bac4ae alignfull uagb-is-root-container\"><div class=\"uagb-container-inner-blocks-wrap\">\n<div class=\"wp-block-uagb-advanced-heading uagb-block-a57410e7\"><h2 class=\"uagb-heading-text\">Simulacro de examen<\/h2><\/div>\n<\/div><\/div>\n\n\n\n<div class=\"wp-block-uagb-container uagb-block-a9ee5514 alignfull uagb-is-root-container\"><div class=\"uagb-container-inner-blocks-wrap\">\n<div class=\"wp-block-uagb-container uagb-block-54ba74d2\">\n<div class=\"wp-block-uagb-image uagb-block-06e105f1 wp-block-uagb-image--layout-default wp-block-uagb-image--effect-static wp-block-uagb-image--align-none\"><figure class=\"wp-block-uagb-image__figure\"><img decoding=\"async\" srcset=\"https:\/\/foexam.es\/wp-content\/uploads\/2025\/12\/imagen-simulacro-examen-1024x683.png ,https:\/\/foexam.es\/wp-content\/uploads\/2025\/12\/imagen-simulacro-examen.png 780w, https:\/\/foexam.es\/wp-content\/uploads\/2025\/12\/imagen-simulacro-examen.png 360w\" sizes=\"auto, (max-width: 480px) 150px\" src=\"https:\/\/foexam.es\/wp-content\/uploads\/2025\/12\/imagen-simulacro-examen-1024x683.png\" alt=\"\" class=\"uag-image-689\" width=\"1024\" height=\"683\" title=\"imagen simulacro examen\" loading=\"lazy\" role=\"img\"\/><\/figure><\/div>\n<\/div>\n\n\n\n<div class=\"wp-block-uagb-container uagb-block-19f17609\">\n<p class=\"has-ternary-color has-text-color has-link-color wp-elements-287da7a9102a6a47b6004b2479418757\">\u00bfQuieres conocer c\u00f3mo afrontar\u00edas el examen de oposici\u00f3n, conocerte, ponerte a prueba en un simulacro que se adecu\u00e9 a la realidad? <\/p>\n\n\n\n<p class=\"has-ternary-color has-text-color has-link-color wp-elements-0f27c72a24a8740902206b4e47191a62\">Acompa\u00f1ado por un equipo docente que te asesorar\u00e1 tras la prueba y te ayudar\u00e1 a comprender y entender los puntos clave para que logres t\u00fa objetivo.<\/p>\n\n\n\n<p class=\"has-ternary-color has-text-color has-link-color wp-elements-22eb97d5547a505017991af7937747e5\">Pues no dejes de inscribirte, tanto si eres alumno\/a FoeXam como si no lo eres, este espacio es para ti. <\/p>\n\n\n\n<p class=\"has-text-align-center has-primary-color has-text-color has-link-color wp-elements-bab4542b66aa8735af2327881533e241\"><strong><em>T\u00fa aprobado comienza aqu\u00ed <\/em><\/strong><\/p>\n<\/div>\n<\/div><\/div>\n\n\n\n<div class=\"wp-block-uagb-container uagb-block-ad52b36f alignfull uagb-is-root-container\"><div class=\"uagb-container-inner-blocks-wrap\">\n<div class=\"wp-block-uagb-separator uagb-block-09e8d72a wp-block-uagb-separator--icon\"><div class=\"wp-block-uagb-separator__inner\" style=\"--my-background-image:\"><div class=\"wp-block-uagb-separator-element\"><svg xmlns=\"https:\/\/www.w3.org\/2000\/svg\" viewBox=\"0 0 512 512\"><path d=\"M256 0C114.6 0 0 114.6 0 256s114.6 256 256 256s256-114.6 256-256S397.4 0 256 0zM256 128c17.67 0 32 14.33 32 32c0 17.67-14.33 32-32 32S224 177.7 224 160C224 142.3 238.3 128 256 128zM296 384h-80C202.8 384 192 373.3 192 360s10.75-24 24-24h16v-64H224c-13.25 0-24-10.75-24-24S210.8 224 224 224h32c13.25 0 24 10.75 24 24v88h16c13.25 0 24 10.75 24 24S309.3 384 296 384z\"><\/path><\/svg><\/div><\/div><\/div>\n<\/div><\/div>\n\n\n\n<div class=\"wp-block-uagb-container uagb-block-4d21ef1b alignfull uagb-is-root-container\"><div class=\"uagb-container-inner-blocks-wrap\">\n<div class=\"wp-block-uagb-container uagb-block-1a00d7f2\">\n<div class=\"wp-block-uagb-image uagb-block-7b651578 wp-block-uagb-image--layout-default wp-block-uagb-image--effect-static wp-block-uagb-image--align-none\"><figure class=\"wp-block-uagb-image__figure\"><img decoding=\"async\" srcset=\"https:\/\/foexam.es\/wp-content\/uploads\/2025\/12\/7.1.1examen.png ,https:\/\/foexam.es\/wp-content\/uploads\/2025\/12\/7.1.1examen.png 780w, https:\/\/foexam.es\/wp-content\/uploads\/2025\/12\/7.1.1examen.png 360w\" sizes=\"auto, (max-width: 480px) 150px\" src=\"https:\/\/foexam.es\/wp-content\/uploads\/2025\/12\/7.1.1examen.png\" alt=\"\" class=\"uag-image-685\" width=\"70\" height=\"70\" title=\"7.1.1examen\" loading=\"lazy\" role=\"img\"\/><\/figure><\/div>\n\n\n\n<div class=\"wp-block-uagb-advanced-heading uagb-block-a76336c2\"><h3 class=\"uagb-heading-text\">Simulacro de examen<\/h3><\/div>\n\n\n\n<div class=\"wp-block-uagb-icon-list uagb-block-2a8613b5\"><div class=\"uagb-icon-list__wrap\">\n<div class=\"wp-block-uagb-icon-list-child uagb-block-f8a65b9f\"><span class=\"uagb-icon-list__source-wrap\"><svg xmlns=\"https:\/\/www.w3.org\/2000\/svg\" viewBox=\"0 0 448 512\"><path d=\"M160 32V64H288V32C288 14.33 302.3 0 320 0C337.7 0 352 14.33 352 32V64H400C426.5 64 448 85.49 448 112V160H0V112C0 85.49 21.49 64 48 64H96V32C96 14.33 110.3 0 128 0C145.7 0 160 14.33 160 32zM0 192H448V464C448 490.5 426.5 512 400 512H48C21.49 512 0 490.5 0 464V192zM64 304C64 312.8 71.16 320 80 320H112C120.8 320 128 312.8 128 304V272C128 263.2 120.8 256 112 256H80C71.16 256 64 263.2 64 272V304zM192 304C192 312.8 199.2 320 208 320H240C248.8 320 256 312.8 256 304V272C256 263.2 248.8 256 240 256H208C199.2 256 192 263.2 192 272V304zM336 256C327.2 256 320 263.2 320 272V304C320 312.8 327.2 320 336 320H368C376.8 320 384 312.8 384 304V272C384 263.2 376.8 256 368 256H336zM64 432C64 440.8 71.16 448 80 448H112C120.8 448 128 440.8 128 432V400C128 391.2 120.8 384 112 384H80C71.16 384 64 391.2 64 400V432zM208 384C199.2 384 192 391.2 192 400V432C192 440.8 199.2 448 208 448H240C248.8 448 256 440.8 256 432V400C256 391.2 248.8 384 240 384H208zM320 432C320 440.8 327.2 448 336 448H368C376.8 448 384 440.8 384 432V400C384 391.2 376.8 384 368 384H336C327.2 384 320 391.2 320 400V432z\"><\/path><\/svg><\/span><span class=\"uagb-icon-list__label\">Martes 20 de enero de 2026.<\/span><\/div>\n\n\n\n<div class=\"wp-block-uagb-icon-list-child uagb-block-77a54c7c\"><span class=\"uagb-icon-list__source-wrap\"><svg xmlns=\"https:\/\/www.w3.org\/2000\/svg\" viewBox=\"0 0 512 512\"><path d=\"M256 512C114.6 512 0 397.4 0 256C0 114.6 114.6 0 256 0C397.4 0 512 114.6 512 256C512 397.4 397.4 512 256 512zM232 256C232 264 236 271.5 242.7 275.1L338.7 339.1C349.7 347.3 364.6 344.3 371.1 333.3C379.3 322.3 376.3 307.4 365.3 300L280 243.2V120C280 106.7 269.3 96 255.1 96C242.7 96 231.1 106.7 231.1 120L232 256z\"><\/path><\/svg><\/span><span class=\"uagb-icon-list__label\">09:00 a 14:00 horas.<\/span><\/div>\n\n\n\n<div class=\"wp-block-uagb-icon-list-child uagb-block-1731a7d4\"><span class=\"uagb-icon-list__source-wrap\"><svg xmlns=\"https:\/\/www.w3.org\/2000\/svg\" viewBox=\"0 0 576 512\"><path d=\"M408 120C408 174.6 334.9 271.9 302.8 311.1C295.1 321.6 280.9 321.6 273.2 311.1C241.1 271.9 168 174.6 168 120C168 53.73 221.7 0 288 0C354.3 0 408 53.73 408 120zM288 152C310.1 152 328 134.1 328 112C328 89.91 310.1 72 288 72C265.9 72 248 89.91 248 112C248 134.1 265.9 152 288 152zM425.6 179.8C426.1 178.6 426.6 177.4 427.1 176.1L543.1 129.7C558.9 123.4 576 135 576 152V422.8C576 432.6 570 441.4 560.9 445.1L416 503V200.4C419.5 193.5 422.7 186.7 425.6 179.8zM150.4 179.8C153.3 186.7 156.5 193.5 160 200.4V451.8L32.91 502.7C17.15 508.1 0 497.4 0 480.4V209.6C0 199.8 5.975 190.1 15.09 187.3L137.6 138.3C140 152.5 144.9 166.6 150.4 179.8H150.4zM327.8 331.1C341.7 314.6 363.5 286.3 384 255V504.3L192 449.4V255C212.5 286.3 234.3 314.6 248.2 331.1C268.7 357.6 307.3 357.6 327.8 331.1L327.8 331.1z\"><\/path><\/svg><\/span><span class=\"uagb-icon-list__label\">C\/ de Garcilaso, 10 &#8211; Sede CSIT.<\/span><\/div>\n\n\n\n<div class=\"wp-block-uagb-icon-list-child uagb-block-043d56fa\"><span class=\"uagb-icon-list__source-wrap\"><svg xmlns=\"https:\/\/www.w3.org\/2000\/svg\" viewBox=\"0 0 384 512\"><path d=\"M64 240C46.33 240 32 225.7 32 208C32 190.3 46.33 176 64 176H92.29C121.9 92.11 201.1 32 296 32H320C337.7 32 352 46.33 352 64C352 81.67 337.7 96 320 96H296C238.1 96 187.8 128.4 162.1 176H288C305.7 176 320 190.3 320 208C320 225.7 305.7 240 288 240H144.2C144.1 242.6 144 245.3 144 248V264C144 266.7 144.1 269.4 144.2 272H288C305.7 272 320 286.3 320 304C320 321.7 305.7 336 288 336H162.1C187.8 383.6 238.1 416 296 416H320C337.7 416 352 430.3 352 448C352 465.7 337.7 480 320 480H296C201.1 480 121.9 419.9 92.29 336H64C46.33 336 32 321.7 32 304C32 286.3 46.33 272 64 272H80.15C80.05 269.3 80 266.7 80 264V248C80 245.3 80.05 242.7 80.15 240H64z\"><\/path><\/svg><\/span><span class=\"uagb-icon-list__label\">No Alumnos\/as de la academia 30\u20ac.<\/span><\/div>\n\n\n\n<div class=\"wp-block-uagb-icon-list-child uagb-block-d21184ae\"><span class=\"uagb-icon-list__source-wrap\"><svg xmlns=\"https:\/\/www.w3.org\/2000\/svg\" viewBox=\"0 0 384 512\"><path d=\"M64 240C46.33 240 32 225.7 32 208C32 190.3 46.33 176 64 176H92.29C121.9 92.11 201.1 32 296 32H320C337.7 32 352 46.33 352 64C352 81.67 337.7 96 320 96H296C238.1 96 187.8 128.4 162.1 176H288C305.7 176 320 190.3 320 208C320 225.7 305.7 240 288 240H144.2C144.1 242.6 144 245.3 144 248V264C144 266.7 144.1 269.4 144.2 272H288C305.7 272 320 286.3 320 304C320 321.7 305.7 336 288 336H162.1C187.8 383.6 238.1 416 296 416H320C337.7 416 352 430.3 352 448C352 465.7 337.7 480 320 480H296C201.1 480 121.9 419.9 92.29 336H64C46.33 336 32 321.7 32 304C32 286.3 46.33 272 64 272H80.15C80.05 269.3 80 266.7 80 264V248C80 245.3 80.05 242.7 80.15 240H64z\"><\/path><\/svg><\/span><span class=\"uagb-icon-list__label\">Alumnos\/as de la academia <strong>GRATUITO<\/strong>.<\/span><\/div>\n<\/div><\/div>\n<\/div>\n\n\n\n<div class=\"wp-block-uagb-container uagb-block-b487407b\">\n<div class=\"wp-block-uagb-image uagb-block-35c96986 wp-block-uagb-image--layout-default wp-block-uagb-image--effect-static wp-block-uagb-image--align-none\"><figure class=\"wp-block-uagb-image__figure\"><img decoding=\"async\" srcset=\"https:\/\/foexam.es\/wp-content\/uploads\/2025\/12\/8.1.1infoexamen.png ,https:\/\/foexam.es\/wp-content\/uploads\/2025\/12\/8.1.1infoexamen.png 780w, https:\/\/foexam.es\/wp-content\/uploads\/2025\/12\/8.1.1infoexamen.png 360w\" sizes=\"auto, (max-width: 480px) 150px\" src=\"https:\/\/foexam.es\/wp-content\/uploads\/2025\/12\/8.1.1infoexamen.png\" alt=\"\" class=\"uag-image-686\" width=\"70\" height=\"70\" title=\"8.1.1infoexamen\" loading=\"lazy\" role=\"img\"\/><\/figure><\/div>\n\n\n\n<div class=\"wp-block-uagb-advanced-heading uagb-block-8d38e546\"><h3 class=\"uagb-heading-text\">\u00bfC\u00f3mo puedo asistir?<\/h3><\/div>\n\n\n\n<p class=\"has-ternary-color has-text-color has-link-color wp-elements-a5164666c37d85673276d3d12190e48f\">Tanto si eres alumno\/a de la academia, como si no y est\u00e1s interesado\/a en participar, lo \u00fanico que debes hacer es rellenar el formulario, nuestro equipo de oposiciones se pondr\u00e1 en contacto contigo para solventar las dudas, darte las indicaciones para asistir a este reto. <\/p>\n\n\n\n<p class=\"has-text-align-center has-ternary-color has-text-color has-link-color wp-elements-effbc8cb6accd9cf6988c826dbc000c0\"><strong>Ponte a prueba, con\u00f3cete. Los limites los pones t\u00fa <\/strong><\/p>\n<\/div>\n<\/div><\/div>\n\n\n\n<div class=\"wp-block-uagb-container uagb-block-ee1b29b3 alignfull uagb-is-root-container\"><div class=\"uagb-container-inner-blocks-wrap\">\n<div class=\"wp-block-uagb-separator uagb-block-bc739830 wp-block-uagb-separator--icon\"><div class=\"wp-block-uagb-separator__inner\" style=\"--my-background-image:\"><div class=\"wp-block-uagb-separator-element\"><svg xmlns=\"https:\/\/www.w3.org\/2000\/svg\" viewBox=\"0 0 448 512\"><path d=\"M448 75.2v361.7c0 24.3-19 43.2-43.2 43.2H43.2C19.3 480 0 461.4 0 436.8V75.2C0 51.1 18.8 32 43.2 32h361.7c24 0 43.1 18.8 43.1 43.2zm-37.3 361.6V75.2c0-3-2.6-5.8-5.8-5.8h-9.3L285.3 144 224 94.1 162.8 144 52.5 69.3h-9.3c-3.2 0-5.8 2.8-5.8 5.8v361.7c0 3 2.6 5.8 5.8 5.8h361.7c3.2 .1 5.8-2.7 5.8-5.8zM150.2 186v37H76.7v-37h73.5zm0 74.4v37.3H76.7v-37.3h73.5zm11.1-147.3l54-43.7H96.8l64.5 43.7zm210 72.9v37h-196v-37h196zm0 74.4v37.3h-196v-37.3h196zm-84.6-147.3l64.5-43.7H232.8l53.9 43.7zM371.3 335v37.3h-99.4V335h99.4z\"><\/path><\/svg><\/div><\/div><\/div>\n<\/div><\/div>\n\n\n\n<div class=\"wp-block-uagb-container uagb-block-d5fcc39c alignfull uagb-is-root-container\"><div class=\"uagb-container-inner-blocks-wrap\">\n<div class=\"wp-block-uagb-advanced-heading uagb-block-14e573a0\"><h3 class=\"uagb-heading-text\">Formulario de inscripci\u00f3n simulacro de examen<\/h3><div class=\"uagb-separator\"><\/div><\/div>\n\n\n<div class=\"frm_forms  with_frm_style frm_style_estilo-de-formidable\" id=\"frm_form_7_container\" data-token=\"f907baada1c17074852f16c90cf9069d\">\n<form enctype=\"multipart\/form-data\" method=\"post\" class=\"frm-show-form \" id=\"form_simulacro-examen\" data-token=\"f907baada1c17074852f16c90cf9069d\">\n<div class=\"frm_form_fields \">\n<fieldset>\n<legend class=\"frm_screen_reader\">Simulacro examen<\/legend>\r\n\r\n<div class=\"frm_fields_container\">\n<input type=\"hidden\" name=\"frm_action\" value=\"create\" \/>\n<input type=\"hidden\" name=\"form_id\" value=\"7\" \/>\n<input type=\"hidden\" name=\"frm_hide_fields_7\" id=\"frm_hide_fields_7\" value=\"\" \/>\n<input type=\"hidden\" name=\"form_key\" value=\"simulacro-examen\" \/>\n<input type=\"hidden\" name=\"item_meta[0]\" value=\"\" \/>\n<input type=\"hidden\" id=\"frm_submit_entry_7\" name=\"frm_submit_entry_7\" value=\"a0a009a1c9\" \/><input type=\"hidden\" name=\"_wp_http_referer\" value=\"\/index.php\/wp-json\/wp\/v2\/pages\/681\" \/><div id=\"frm_field_52_container\" class=\"frm_form_field form-field  frm_required_field frm_top_container frm9 frm_first\">\r\n\t<div  id=\"field_gqdsb_label\" class=\"frm_primary_label\">Nombre\r\n\t\t<span class=\"frm_required\" aria-hidden=\"true\">*<\/span>\r\n\t<\/div>\r\n\t<fieldset aria-labelledby=\"field_gqdsb_label\">\n\t<legend class=\"frm_screen_reader frm_hidden\">\n\t\tNombre\t<\/legend>\n\n\t<div  class=\"frm_combo_inputs_container\" id=\"frm_combo_inputs_container_52\" data-name-layout=\"first_last\">\n\t\t\t\t\t<div\n\t\t\t\tid=\"frm_field_52-first_container\"\n\t\t\t\tclass=\"frm_form_field form-field frm_form_subfield-first  frm6\"\n\t\t\t\tdata-sub-field-name=\"first\"\n\t\t\t>\n\t\t\t\t<label for=\"field_gqdsb_first\" class=\"frm_screen_reader frm_hidden\">\n\t\t\t\t\tNombre\t\t\t\t<\/label>\n\n\t\t\t\t<input  type=\"text\" id=\"field_gqdsb_first\" value=\"\" name=\"item_meta[52][first]\" autocomplete=\"given-name\" data-reqmsg=\"Nombre no puede estar en blanco.\" aria-required=\"true\" data-invmsg=\"Nombre no es v\u00e1lido\" aria-invalid=\"false\"  \/><div class=\"frm_description\" id=\"frm_field_52_first_desc\">Nombre<\/div>\t\t\t<\/div>\n\t\t\t\t\t\t<div\n\t\t\t\tid=\"frm_field_52-last_container\"\n\t\t\t\tclass=\"frm_form_field form-field frm_form_subfield-last  frm6\"\n\t\t\t\tdata-sub-field-name=\"last\"\n\t\t\t>\n\t\t\t\t<label for=\"field_gqdsb_last\" class=\"frm_screen_reader frm_hidden\">\n\t\t\t\t\tApellido\t\t\t\t<\/label>\n\n\t\t\t\t<input  type=\"text\" id=\"field_gqdsb_last\" value=\"\" name=\"item_meta[52][last]\" autocomplete=\"family-name\" data-reqmsg=\"Nombre no puede estar en blanco.\" aria-required=\"true\" data-invmsg=\"Nombre no es v\u00e1lido\" aria-invalid=\"false\"  \/><div class=\"frm_description\" id=\"frm_field_52_last_desc\">Apellido<\/div>\t\t\t<\/div>\n\t\t\t\t<\/div>\n<\/fieldset>\n\r\n\t\r\n\t\r\n<\/div>\n<div id=\"frm_field_53_container\" class=\"frm_form_field form-field  frm_required_field frm_top_container frm3\">\r\n\t<label for=\"field_z7kx7\" id=\"field_z7kx7_label\" class=\"frm_primary_label\">DNI\r\n\t\t<span class=\"frm_required\" aria-hidden=\"true\">*<\/span>\r\n\t<\/label>\r\n\t<input type=\"text\" id=\"field_z7kx7\" name=\"item_meta[53]\" value=\"\"  data-reqmsg=\"DNI no puede estar en blanco.\" aria-required=\"true\" data-invmsg=\"DNI no es v\u00e1lido\" aria-invalid=\"false\"  \/>\r\n\t\r\n\t\r\n<\/div>\n<div id=\"frm_field_55_container\" class=\"frm_form_field form-field  frm_required_field frm_top_container frm6 frm_first\">\r\n\t<label for=\"field_ozas0\" id=\"field_ozas0_label\" class=\"frm_primary_label\">Correo eletr\u00f3nico\r\n\t\t<span class=\"frm_required\" aria-hidden=\"true\">*<\/span>\r\n\t<\/label>\r\n\t<input type=\"email\" id=\"field_ozas0\" name=\"item_meta[55]\" value=\"\"  data-reqmsg=\"Correo eletr\u00f3nico no puede estar en blanco.\" aria-required=\"true\" data-invmsg=\"Correo eletr\u00f3nico no es v\u00e1lido\" aria-invalid=\"false\"  \/>\r\n\t\r\n\t\r\n<\/div>\n<div id=\"frm_field_56_container\" class=\"frm_form_field form-field  frm_required_field frm_top_container frm6\">\r\n\t<label for=\"field_5o4j\" id=\"field_5o4j_label\" class=\"frm_primary_label\">Tel\u00e9fono\r\n\t\t<span class=\"frm_required\" aria-hidden=\"true\">*<\/span>\r\n\t<\/label>\r\n\t<input type=\"tel\" id=\"field_5o4j\" name=\"item_meta[56]\" value=\"\"  data-reqmsg=\"Tel\u00e9fono no puede estar en blanco.\" aria-required=\"true\" data-invmsg=\"Tel\u00e9fono no es v\u00e1lido\" aria-invalid=\"false\" pattern=\"((\\+\\d{1,3}(-|.| )?\\(?\\d\\)?(-| |.)?\\d{1,5})|(\\(?\\d{2,6}\\)?))(-|.| )?(\\d{3,4})(-|.| )?(\\d{4})(( x| ext)\\d{1,5}){0,1}$\"  \/>\r\n\t\r\n\t\r\n<\/div>\n<div id=\"frm_field_57_container\" class=\"frm_form_field form-field  frm_required_field frm_top_container frm6 frm_first vertical_radio\">\r\n\t<div  id=\"field_kr84g_label\" class=\"frm_primary_label\">Est\u00e1s matriculado en la academia\r\n\t\t<span class=\"frm_required\" aria-hidden=\"true\">*<\/span>\r\n\t<\/div>\r\n\t<div class=\"frm_opt_container\" aria-labelledby=\"field_kr84g_label\" role=\"radiogroup\" aria-required=\"true\">\t\t<div class=\"frm_radio\" id=\"frm_radio_57-0\">\t\t\t<label  for=\"field_kr84g-0\">\n\t\t\t\t\t<input type=\"radio\" name=\"item_meta[57]\" id=\"field_kr84g-0\" value=\"S\u00ed.\"\n\t\t data-reqmsg=\"Est\u00e1s matriculado en la academia no puede estar en blanco.\" data-invmsg=\"Est\u00e1s matriculado en la academia no es v\u00e1lido\"   \/> S\u00ed.<\/label><\/div>\n\t\t<div class=\"frm_radio\" id=\"frm_radio_57-1\">\t\t\t<label  for=\"field_kr84g-1\">\n\t\t\t\t\t<input type=\"radio\" name=\"item_meta[57]\" id=\"field_kr84g-1\" value=\"No.\"\n\t\t data-reqmsg=\"Est\u00e1s matriculado en la academia no puede estar en blanco.\" data-invmsg=\"Est\u00e1s matriculado en la academia no es v\u00e1lido\"   \/> No.<\/label><\/div>\n<\/div>\r\n\t\r\n\t\r\n<\/div>\n<div id=\"frm_field_58_container\" class=\"frm_form_field form-field  frm_top_container frm6\">\r\n\t<label for=\"field_nsmwy\" id=\"field_nsmwy_label\" class=\"frm_primary_label\">Observaciones \/ Preguntas \/ Inquietudes.\r\n\t\t<span class=\"frm_required\" aria-hidden=\"true\"><\/span>\r\n\t<\/label>\r\n\t<textarea name=\"item_meta[58]\" id=\"field_nsmwy\" rows=\"5\"  data-invmsg=\"Observaciones \/ Preguntas \/ Inquietudes. no es v\u00e1lido\" aria-invalid=\"false\"  ><\/textarea>\r\n\t\r\n\t\r\n<\/div>\n<div id=\"frm_field_59_container\" class=\"frm_form_field form-field  frm_required_field frm_top_container frm12 frm_first vertical_radio\">\r\n\t<div  id=\"field_v2brm_label\" class=\"frm_primary_label\">Consentimiento\r\n\t\t<span class=\"frm_required\" aria-hidden=\"true\">*<\/span>\r\n\t<\/div>\r\n\t<div class=\"frm_opt_container\" aria-labelledby=\"field_v2brm_label\" role=\"group\">\t\t<div class=\"frm_checkbox\" id=\"frm_checkbox_59-0\">\t\t\t<label  for=\"field_v2brm-0\">\n\t\t\t<input type=\"checkbox\" name=\"item_meta[59][]\" id=\"field_v2brm-0\" value=\"Al enviar este formulario, usted otorga su consentimiento expreso para que sus datos personales sean tratados por FoeXam, con la finalidad de gestionar su solicitud, as\u00ed como para el env\u00edo de informaci\u00f3n relevante, comunicaciones comerciales y documentos asociados a sus peticiones, de acuerdo con lo establecido en la Ley Org\u00e1nica 3\/2018, de 5 de diciembre, de Protecci\u00f3n de Datos Personales y garant\u00eda de los derechos digitales y el Reglamento (UE) 2016\/679 del Parlamento Europeo y del Consejo, relativo a la protecci\u00f3n de las personas f\u00edsicas en lo que respecta al tratamiento de datos personales y a la libre circulaci\u00f3n de estos datos.  Le informamos que puede ejercer sus derechos de acceso, rectificaci\u00f3n, cancelaci\u00f3n, oposici\u00f3n, limitaci\u00f3n del tratamiento, portabilidad y supresi\u00f3n de sus datos, mediante solicitud escrita dirigida a privacidad@foexam.es.  Asimismo, al marcar esta casilla, autoriza el env\u00edo de comunicaciones electr\u00f3nicas, incluidos correos electr\u00f3nicos y otros documentos relacionados con el servicio o la informaci\u00f3n\u00a0solicitada.\"  data-reqmsg=\"Consentimiento no puede estar en blanco.\" data-invmsg=\"Consentimiento no es v\u00e1lido\"   aria-required=\"true\"  \/> Al enviar este formulario, usted otorga su consentimiento expreso para que sus datos personales sean tratados por FoeXam, con la finalidad de gestionar su solicitud, as\u00ed como para el env\u00edo de informaci\u00f3n relevante, comunicaciones comerciales y documentos asociados a sus peticiones, de acuerdo con lo establecido en la Ley Org\u00e1nica 3\/2018, de 5 de diciembre, de Protecci\u00f3n de Datos Personales y garant\u00eda de los derechos digitales y el Reglamento (UE) 2016\/679 del Parlamento Europeo y del Consejo, relativo a la protecci\u00f3n de las personas f\u00edsicas en lo que respecta al tratamiento de datos personales y a la libre circulaci\u00f3n de estos datos.  Le informamos que puede ejercer sus derechos de acceso, rectificaci\u00f3n, cancelaci\u00f3n, oposici\u00f3n, limitaci\u00f3n del tratamiento, portabilidad y supresi\u00f3n de sus datos, mediante solicitud escrita dirigida a privacidad@foexam.es.  Asimismo, al marcar esta casilla, autoriza el env\u00edo de comunicaciones electr\u00f3nicas, incluidos correos electr\u00f3nicos y otros documentos relacionados con el servicio o la informaci\u00f3n\u00a0solicitada.<\/label><\/div>\n<\/div>\r\n\t\r\n\t\r\n<\/div>\n<div id=\"frm_field_60_container\" class=\"frm_form_field form-field  frm_none_container frm12 frm_first\">\r\n\t<label for=\"g-recaptcha-response\" id=\"field_3s1wt_label\" class=\"frm_primary_label\">Captcha\r\n\t\t<span class=\"frm_required\" aria-hidden=\"true\"><\/span>\r\n\t<\/label>\r\n\t<div  id=\"field_3s1wt\" class=\"frm-g-recaptcha\" data-sitekey=\"6LePkK4rAAAAAGYGSetAVAfQ-UWEVNGIug0NvLi3\" data-size=\"invisible\" data-theme=\"light\"><\/div>\r\n\t\r\n\t\r\n<\/div>\n<div id=\"frm_field_51_container\" class=\"frm_form_field form-field \">\r\n\t<div class=\"frm_submit frm_flex\">\r\n<button class=\"frm_button_submit\" type=\"submit\"  >Enviar<\/button>\r\n\r\n\r\n\r\n<\/div>\r\n<\/div>\n\t<input type=\"hidden\" name=\"item_key\" value=\"\" \/>\n\t\t\t<div id=\"frm_field_90_container\">\n\t\t\t<label for=\"field_a448i\" >\n\t\t\t\tSi eres humano, deja este campo en blanco.\t\t\t<\/label>\n\t\t\t<input  id=\"field_a448i\" type=\"text\" class=\"frm_form_field form-field frm_verify\" name=\"item_meta[90]\" value=\"\"  \/>\n\t\t<\/div>\n\t\t<input name=\"frm_state\" type=\"hidden\" value=\"nKwOiVw9Jx2dFnQJR584aXTG0Q0AI0LrIgvWKxxJXpM=\" \/><\/div>\n<\/fieldset>\n<\/div>\n\n<p style=\"display: none !important;\" class=\"akismet-fields-container\" data-prefix=\"ak_\"><label>&#916;<textarea name=\"ak_hp_textarea\" cols=\"45\" rows=\"8\" maxlength=\"100\"><\/textarea><\/label><input type=\"hidden\" id=\"ak_js_1\" name=\"ak_js\" value=\"115\"\/><script>document.getElementById( \"ak_js_1\" ).setAttribute( \"value\", ( new Date() ).getTime() );<\/script><\/p><\/form>\n<\/div>\n<\/div><\/div>\n","protected":false},"excerpt":{"rendered":"<p>Simulacro de examen \u00bfQuieres conocer c\u00f3mo afrontar\u00edas el examen de oposici\u00f3n, conocerte, ponerte a prueba en un simulacro que se adecu\u00e9 a la realidad? Acompa\u00f1ado por un equipo docente que te asesorar\u00e1 tras la prueba y te ayudar\u00e1 a comprender y entender los puntos clave para que logres t\u00fa objetivo. Pues no dejes de inscribirte, [&hellip;]<\/p>\n","protected":false},"author":1,"featured_media":0,"parent":0,"menu_order":0,"comment_status":"closed","ping_status":"closed","template":"simulacro-de-examen","meta":{"_uag_custom_page_level_css":"","footnotes":""},"class_list":["post-681","page","type-page","status-publish","hentry"],"uagb_featured_image_src":{"full":false,"thumbnail":false,"medium":false,"medium_large":false,"large":false,"1536x1536":false,"2048x2048":false,"mailpoet_newsletter_max":false,"woocommerce_thumbnail":false,"woocommerce_single":false,"woocommerce_gallery_thumbnail":false},"uagb_author_info":{"display_name":"admin","author_link":"https:\/\/foexam.es\/index.php\/author\/admin\/"},"uagb_comment_info":0,"uagb_excerpt":"Simulacro de examen \u00bfQuieres conocer c\u00f3mo afrontar\u00edas el examen de oposici\u00f3n, conocerte, ponerte a prueba en un simulacro que se adecu\u00e9 a la realidad? Acompa\u00f1ado por un equipo docente que te asesorar\u00e1 tras la prueba y te ayudar\u00e1 a comprender y entender los puntos clave para que logres t\u00fa objetivo. Pues no dejes de inscribirte,&hellip;","_links":{"self":[{"href":"https:\/\/foexam.es\/index.php\/wp-json\/wp\/v2\/pages\/681","targetHints":{"allow":["GET"]}}],"collection":[{"href":"https:\/\/foexam.es\/index.php\/wp-json\/wp\/v2\/pages"}],"about":[{"href":"https:\/\/foexam.es\/index.php\/wp-json\/wp\/v2\/types\/page"}],"author":[{"embeddable":true,"href":"https:\/\/foexam.es\/index.php\/wp-json\/wp\/v2\/users\/1"}],"replies":[{"embeddable":true,"href":"https:\/\/foexam.es\/index.php\/wp-json\/wp\/v2\/comments?post=681"}],"version-history":[{"count":16,"href":"https:\/\/foexam.es\/index.php\/wp-json\/wp\/v2\/pages\/681\/revisions"}],"predecessor-version":[{"id":706,"href":"https:\/\/foexam.es\/index.php\/wp-json\/wp\/v2\/pages\/681\/revisions\/706"}],"wp:attachment":[{"href":"https:\/\/foexam.es\/index.php\/wp-json\/wp\/v2\/media?parent=681"}],"curies":[{"name":"wp","href":"https:\/\/api.w.org\/{rel}","templated":true}]}}