{"id":673,"date":"2026-03-27T19:27:01","date_gmt":"2026-03-27T18:27:01","guid":{"rendered":"https:\/\/foexam.es\/?page_id=673"},"modified":"2026-03-28T18:54:06","modified_gmt":"2026-03-28T17:54:06","slug":"formacion","status":"publish","type":"page","link":"https:\/\/foexam.es\/index.php\/formacion\/","title":{"rendered":"Formaci\u00f3n"},"content":{"rendered":"\n<div class=\"wp-block-uagb-container uagb-block-e953b438 alignfull uagb-is-root-container\"><div class=\"uagb-container-inner-blocks-wrap\">\n<div class=\"wp-block-uagb-advanced-heading uagb-block-9f0a3309\"><h2 class=\"uagb-heading-text\"><strong>Programas exclusivos<\/strong><\/h2><\/div>\n\n\n\n<div class=\"wp-block-uagb-container uagb-block-16be570c alignwide uagb-is-root-container\">\n<div class=\"wp-block-uagb-container uagb-block-87ab457a\">\n<div class=\"wp-block-uagb-image uagb-block-e2dfba71 wp-block-uagb-image--layout-default wp-block-uagb-image--effect-static wp-block-uagb-image--align-none\"><figure class=\"wp-block-uagb-image__figure\"><img decoding=\"async\" srcset=\"https:\/\/foexam.es\/wp-content\/uploads\/2026\/03\/LO-RISE.png ,https:\/\/foexam.es\/wp-content\/uploads\/2026\/03\/LO-RISE.png 780w, https:\/\/foexam.es\/wp-content\/uploads\/2026\/03\/LO-RISE.png 360w\" sizes=\"auto, (max-width: 480px) 150px\" src=\"https:\/\/foexam.es\/wp-content\/uploads\/2026\/03\/LO-RISE.png\" alt=\"\" class=\"uag-image-811\" width=\"166\" height=\"300\" title=\"\" loading=\"lazy\" role=\"presentation\"\/><\/figure><\/div>\n\n\n\n<div class=\"wp-block-uagb-advanced-heading uagb-block-ee7a9a85\"><h3 class=\"uagb-heading-text\">RISE<\/h3><\/div>\n\n\n\n<p class=\"has-text-align-center has-heading-color has-text-color has-link-color has-figtree-font-family wp-elements-255d44795cf2813e6a0fb90d24e33d49\" style=\"font-size:13px\">Dirigido a todo el personal de emergencias <strong>(FFCCSS, Bomberos, SEM, Protecci\u00f3n Civil)<\/strong> Programa enfocado en la coordinaci\u00f3n y adquisici\u00f3n de destrezas en los escenarios m\u00e1s habituales. Ademas de dotarte de los conocimientos b\u00e1sicos para poder ejercer como primer interviniente hasta la llegada de los servicios correspondientes para mitigar el incidente.<\/p>\n\n\n\n<div class=\"wp-block-buttons is-content-justification-center is-layout-flex wp-container-core-buttons-is-layout-a89b3969 wp-block-buttons-is-layout-flex\">\n<div class=\"wp-block-button has-custom-width wp-block-button__width-50 is-style-fill\"><a class=\"wp-block-button__link has-text-align-center wp-element-button\" href=\"https:\/\/foexam.es\/index.php\/rise\/\" style=\"padding-right:var(--wp--preset--spacing--30);padding-left:var(--wp--preset--spacing--30)\">Informaci\u00f3n<\/a><\/div>\n<\/div>\n<\/div>\n\n\n\n<div class=\"wp-block-uagb-container uagb-block-b5bd9faa\">\n<div class=\"wp-block-uagb-image uagb-block-1792525c wp-block-uagb-image--layout-default wp-block-uagb-image--effect-static wp-block-uagb-image--align-none\"><figure class=\"wp-block-uagb-image__figure\"><img decoding=\"async\" srcset=\"https:\/\/foexam.es\/wp-content\/uploads\/2026\/03\/LO-TRAINING.png ,https:\/\/foexam.es\/wp-content\/uploads\/2026\/03\/LO-TRAINING.png 780w, https:\/\/foexam.es\/wp-content\/uploads\/2026\/03\/LO-TRAINING.png 360w\" sizes=\"auto, (max-width: 480px) 150px\" src=\"https:\/\/foexam.es\/wp-content\/uploads\/2026\/03\/LO-TRAINING.png\" alt=\"\" class=\"uag-image-812\" width=\"166\" height=\"300\" title=\"\" loading=\"lazy\" role=\"presentation\"\/><\/figure><\/div>\n\n\n\n<div class=\"wp-block-uagb-advanced-heading uagb-block-e22fd724\"><h3 class=\"uagb-heading-text\">Training Day<\/h3><\/div>\n\n\n\n<p class=\"has-text-align-center has-heading-color has-text-color has-link-color has-figtree-font-family wp-elements-62a1b4f29841951f5a0ba926b69562aa\" style=\"font-size:13px\">Programa de entrenamiento, en \u00e9l se trabajan diferentes escenarios de manera conjunta y multidisciplinar. Centra cada d\u00eda en un tipo de incidente, destreza o situaciones reales. D\u00f3nde el trabajo coordinado marcar\u00e1 la diferencia. Si eres personal de FFCCSS, Bomberos o SEM no dudes en apuntarte, si en la calle trabajamos juntos, debemos formarnos juntos.<\/p>\n\n\n\n<div class=\"wp-block-buttons is-content-justification-center is-layout-flex wp-container-core-buttons-is-layout-a89b3969 wp-block-buttons-is-layout-flex\">\n<div class=\"wp-block-button has-custom-width wp-block-button__width-50 is-style-fill\"><a class=\"wp-block-button__link has-text-align-center wp-element-button\" style=\"padding-right:var(--wp--preset--spacing--30);padding-left:var(--wp--preset--spacing--30)\">PR\u00d3XIMAMENTE<\/a><\/div>\n<\/div>\n<\/div>\n\n\n\n<div class=\"wp-block-uagb-container uagb-block-c9deb08e\">\n<div class=\"wp-block-uagb-image uagb-block-c555b80c wp-block-uagb-image--layout-default wp-block-uagb-image--effect-static wp-block-uagb-image--align-none\"><figure class=\"wp-block-uagb-image__figure\"><img decoding=\"async\" srcset=\"https:\/\/foexam.es\/wp-content\/uploads\/2026\/03\/LO-RME.png ,https:\/\/foexam.es\/wp-content\/uploads\/2026\/03\/LO-RME.png 780w, https:\/\/foexam.es\/wp-content\/uploads\/2026\/03\/LO-RME.png 360w\" sizes=\"auto, (max-width: 480px) 150px\" src=\"https:\/\/foexam.es\/wp-content\/uploads\/2026\/03\/LO-RME.png\" alt=\"\" class=\"uag-image-825\" width=\"166\" height=\"300\" title=\"\" loading=\"lazy\" role=\"presentation\"\/><\/figure><\/div>\n\n\n\n<div class=\"wp-block-uagb-advanced-heading uagb-block-bcb8bf46\"><h3 class=\"uagb-heading-text\">Restricci\u00f3n de Movimiento Espinal<\/h3><\/div>\n\n\n\n<p class=\"has-text-align-center has-heading-color has-text-color has-link-color has-figtree-font-family wp-elements-359201d44dc75939d76d1e44d3352454\" style=\"font-size:14px\">Dirigido a todo el personal de emergencias <strong>(FFCCSS, Bomberos, SEM, Protecci\u00f3n Civil)<\/strong> en el que desarrollar las destrezas para la inmovilizaci\u00f3n y movilizaci\u00f3n de v\u00edctimas de origen traum\u00e1tico. Desde las maniobras m\u00e1s b\u00e1sicas a las m\u00e1s complejas. Con material espec\u00edfico y basado en las \u00faltimas recomendaciones.<\/p>\n\n\n\n<div class=\"wp-block-buttons is-content-justification-center is-layout-flex wp-container-core-buttons-is-layout-a89b3969 wp-block-buttons-is-layout-flex\">\n<div class=\"wp-block-button has-custom-width wp-block-button__width-50 is-style-fill\"><a class=\"wp-block-button__link has-text-align-center wp-element-button\" style=\"padding-right:var(--wp--preset--spacing--30);padding-left:var(--wp--preset--spacing--30)\">PR\u00d3XIMAMENTE<\/a><\/div>\n<\/div>\n<\/div>\n<\/div>\n<\/div><\/div>\n\n\n\n<div class=\"wp-block-uagb-container uagb-block-2a812798 alignfull uagb-is-root-container\"><div class=\"uagb-container-inner-blocks-wrap\">\n<div class=\"wp-block-uagb-separator uagb-block-354b4325 wp-block-uagb-separator--text\"><div class=\"wp-block-uagb-separator__inner\" style=\"--my-background-image:url(&quot;data:image\/svg+xml,%3Csvg width='16' height='16' viewBox='0 0 16 16' fill='none' xmlns='http:\/\/www.w3.org\/2000\/svg'%3E%3Cg clip-path='url(%23clip0_2356_5631)'%3E%3Cpath d='M15 1C10.5 1 9 2.5 9 7C13.5 7 15 5.5 15 1Z' stroke='black'\/%3E%3Cpath d='M1 1C5.5 1 7 2.5 7 7C2.5 7 1 5.5 1 1Z' stroke='black'\/%3E%3Cpath d='M15 15C10.5 15 9 13.5 9 9C13.5 9 15 10.5 15 15Z' stroke='black'\/%3E%3Cpath d='M1 15C5.5 15 7 13.5 7 9C2.5 9 1 10.5 1 15Z' stroke='black'\/%3E%3C\/g%3E%3Cdefs%3E%3CclipPath id='clip0_2356_5631'%3E%3Crect width='16' height='16' fill='white'\/%3E%3C\/clipPath%3E%3C\/defs%3E%3C\/svg%3E&quot;)\"><div class=\"wp-block-uagb-separator-element\"><h6 class=\"uagb-html-tag\">Poblaci\u00f3n en general<\/h6><\/div><\/div><\/div>\n<\/div><\/div>\n\n\n\n<div class=\"wp-block-uagb-container uagb-block-6bf30e6e alignfull uagb-is-root-container\"><div class=\"uagb-container-inner-blocks-wrap\">\n<div class=\"wp-block-uagb-advanced-heading uagb-block-80995b21\"><h2 class=\"uagb-heading-text\"><strong>Supervivencia<\/strong><\/h2><\/div>\n\n\n\n<div class=\"wp-block-uagb-container uagb-block-27694c68 alignwide uagb-is-root-container\">\n<div class=\"wp-block-uagb-container uagb-block-3f0df6f0\">\n<div class=\"wp-block-uagb-image uagb-block-09707b5c wp-block-uagb-image--layout-default wp-block-uagb-image--effect-static wp-block-uagb-image--align-none\"><figure class=\"wp-block-uagb-image__figure\"><a class=\"\" href=\"https:\/\/foexam.es\/index.php\/supervivencia\/\" target=\"\" rel=\"noopener\"><img decoding=\"async\" srcset=\"https:\/\/foexam.es\/wp-content\/uploads\/2026\/03\/LO-SUPER-I.png ,https:\/\/foexam.es\/wp-content\/uploads\/2026\/03\/LO-SUPER-I.png 780w, https:\/\/foexam.es\/wp-content\/uploads\/2026\/03\/LO-SUPER-I.png 360w\" sizes=\"auto, (max-width: 480px) 150px\" src=\"https:\/\/foexam.es\/wp-content\/uploads\/2026\/03\/LO-SUPER-I.png\" alt=\"\" class=\"uag-image-829\" width=\"166\" height=\"300\" title=\"\" loading=\"lazy\" role=\"presentation\"\/><\/a><\/figure><\/div>\n\n\n\n<div class=\"wp-block-uagb-advanced-heading uagb-block-9fe9d61c\"><h3 class=\"uagb-heading-text\">NIVEL I<\/h3><\/div>\n\n\n\n<p class=\"has-text-align-center has-heading-color has-text-color has-link-color has-figtree-font-family wp-elements-3b38b7263f007a2624d274c0d81529b8\" style=\"font-size:13px\">Dirigido a todo la poblaci\u00f3n . Estos programas est\u00e1n dise\u00f1ados para dotarte de los conocimientos y habilidades b\u00e1sicas para <strong>mantener la seguridad, hidrataci\u00f3n, energ\u00eda b\u00e1sica y refugio<\/strong> durante las primeras 24 horas tras un colapso urbano. <\/p>\n\n\n\n<div class=\"wp-block-buttons is-content-justification-center is-layout-flex wp-container-core-buttons-is-layout-a89b3969 wp-block-buttons-is-layout-flex\">\n<div class=\"wp-block-button has-custom-width wp-block-button__width-50 is-style-fill\"><a class=\"wp-block-button__link has-text-align-center wp-element-button\" href=\"https:\/\/foexam.es\/index.php\/supervivencia\/\" style=\"padding-right:var(--wp--preset--spacing--30);padding-left:var(--wp--preset--spacing--30)\">Informaci\u00f3n<\/a><\/div>\n<\/div>\n<\/div>\n\n\n\n<div class=\"wp-block-uagb-container uagb-block-087d0c27\">\n<div class=\"wp-block-uagb-image uagb-block-af1863f2 wp-block-uagb-image--layout-default wp-block-uagb-image--effect-static wp-block-uagb-image--align-none\"><figure class=\"wp-block-uagb-image__figure\"><img decoding=\"async\" srcset=\"https:\/\/foexam.es\/wp-content\/uploads\/2026\/03\/LO-SUPER-II.png ,https:\/\/foexam.es\/wp-content\/uploads\/2026\/03\/LO-SUPER-II.png 780w, https:\/\/foexam.es\/wp-content\/uploads\/2026\/03\/LO-SUPER-II.png 360w\" sizes=\"auto, (max-width: 480px) 150px\" src=\"https:\/\/foexam.es\/wp-content\/uploads\/2026\/03\/LO-SUPER-II.png\" alt=\"\" class=\"uag-image-830\" width=\"166\" height=\"300\" title=\"\" loading=\"lazy\" role=\"presentation\"\/><\/figure><\/div>\n\n\n\n<div class=\"wp-block-uagb-advanced-heading uagb-block-dcf33eed\"><h3 class=\"uagb-heading-text\">NIVEL II<\/h3><\/div>\n\n\n\n<p class=\"has-text-align-center has-heading-color has-text-color has-link-color has-figtree-font-family wp-elements-9624f201483673b9218c3f440d50d0a9\" style=\"font-size:13px\">Dirigido a toda la poblaci\u00f3n. Es necesario tener el nivel I. Dotarte de las capacidades y habilidades para que puedas lograr <strong>autosuficiencia funcional durante 3 d\u00edas<\/strong>, gestionando recursos, estr\u00e9s y toma de decisiones complejas.<\/p>\n\n\n\n<div class=\"wp-block-buttons is-content-justification-center is-layout-flex wp-container-core-buttons-is-layout-a89b3969 wp-block-buttons-is-layout-flex\">\n<div class=\"wp-block-button has-custom-width wp-block-button__width-50 is-style-fill\"><a class=\"wp-block-button__link has-text-align-center wp-element-button\" style=\"padding-right:var(--wp--preset--spacing--30);padding-left:var(--wp--preset--spacing--30)\">PR\u00d3XIMAMENTE<\/a><\/div>\n<\/div>\n<\/div>\n\n\n\n<div class=\"wp-block-uagb-container uagb-block-1da86360\">\n<div class=\"wp-block-uagb-image uagb-block-31bc8a5d wp-block-uagb-image--layout-default wp-block-uagb-image--effect-static wp-block-uagb-image--align-none\"><figure class=\"wp-block-uagb-image__figure\"><img decoding=\"async\" srcset=\"https:\/\/foexam.es\/wp-content\/uploads\/2026\/03\/LO-SUPER-III.png ,https:\/\/foexam.es\/wp-content\/uploads\/2026\/03\/LO-SUPER-III.png 780w, https:\/\/foexam.es\/wp-content\/uploads\/2026\/03\/LO-SUPER-III.png 360w\" sizes=\"auto, (max-width: 480px) 150px\" src=\"https:\/\/foexam.es\/wp-content\/uploads\/2026\/03\/LO-SUPER-III.png\" alt=\"\" class=\"uag-image-831\" width=\"166\" height=\"300\" title=\"\" loading=\"lazy\" role=\"presentation\"\/><\/figure><\/div>\n\n\n\n<div class=\"wp-block-uagb-advanced-heading uagb-block-7055a965\"><h3 class=\"uagb-heading-text\">NIVEL III<\/h3><\/div>\n\n\n\n<p class=\"has-text-align-center has-heading-color has-text-color has-link-color has-figtree-font-family wp-elements-c983da64e7c247b34ff668e67a0ad29c\" style=\"font-size:14px\">Dirigido a todo la poblaci\u00f3n. Es necesario tener le nivel II. Dotarte de <strong>criterio, habilidades y mentalidad<\/strong> para sobrevivir en un entorno urbano degradado con <strong>violencia, saqueos y armas<\/strong>, sin caer en conductas suicidas.<\/p>\n\n\n\n<div class=\"wp-block-buttons is-content-justification-center is-layout-flex wp-container-core-buttons-is-layout-a89b3969 wp-block-buttons-is-layout-flex\">\n<div class=\"wp-block-button has-custom-width wp-block-button__width-50 is-style-fill\"><a class=\"wp-block-button__link has-text-align-center wp-element-button\" style=\"padding-right:var(--wp--preset--spacing--30);padding-left:var(--wp--preset--spacing--30)\">PR\u00d3XIMAMENTE<\/a><\/div>\n<\/div>\n<\/div>\n<\/div>\n<\/div><\/div>\n","protected":false},"excerpt":{"rendered":"<p>Programas exclusivos RISE Dirigido a todo el personal de emergencias (FFCCSS, Bomberos, SEM, Protecci\u00f3n Civil) Programa enfocado en la coordinaci\u00f3n y adquisici\u00f3n de destrezas en los escenarios m\u00e1s habituales. Ademas de dotarte de los conocimientos b\u00e1sicos para poder ejercer como primer interviniente hasta la llegada de los servicios correspondientes para mitigar el incidente. Training Day [&hellip;]<\/p>\n","protected":false},"author":1,"featured_media":0,"parent":0,"menu_order":0,"comment_status":"closed","ping_status":"closed","template":"formacion","meta":{"_uag_custom_page_level_css":"","footnotes":""},"class_list":["post-673","page","type-page","status-publish","hentry"],"uagb_featured_image_src":{"full":false,"thumbnail":false,"medium":false,"medium_large":false,"large":false,"1536x1536":false,"2048x2048":false,"mailpoet_newsletter_max":false,"woocommerce_thumbnail":false,"woocommerce_single":false,"woocommerce_gallery_thumbnail":false},"uagb_author_info":{"display_name":"admin","author_link":"https:\/\/foexam.es\/index.php\/author\/admin\/"},"uagb_comment_info":0,"uagb_excerpt":"Programas exclusivos RISE Dirigido a todo el personal de emergencias (FFCCSS, Bomberos, SEM, Protecci\u00f3n Civil) Programa enfocado en la coordinaci\u00f3n y adquisici\u00f3n de destrezas en los escenarios m\u00e1s habituales. Ademas de dotarte de los conocimientos b\u00e1sicos para poder ejercer como primer interviniente hasta la llegada de los servicios correspondientes para mitigar el incidente. Training Day&hellip;","_links":{"self":[{"href":"https:\/\/foexam.es\/index.php\/wp-json\/wp\/v2\/pages\/673","targetHints":{"allow":["GET"]}}],"collection":[{"href":"https:\/\/foexam.es\/index.php\/wp-json\/wp\/v2\/pages"}],"about":[{"href":"https:\/\/foexam.es\/index.php\/wp-json\/wp\/v2\/types\/page"}],"author":[{"embeddable":true,"href":"https:\/\/foexam.es\/index.php\/wp-json\/wp\/v2\/users\/1"}],"replies":[{"embeddable":true,"href":"https:\/\/foexam.es\/index.php\/wp-json\/wp\/v2\/comments?post=673"}],"version-history":[{"count":33,"href":"https:\/\/foexam.es\/index.php\/wp-json\/wp\/v2\/pages\/673\/revisions"}],"predecessor-version":[{"id":893,"href":"https:\/\/foexam.es\/index.php\/wp-json\/wp\/v2\/pages\/673\/revisions\/893"}],"wp:attachment":[{"href":"https:\/\/foexam.es\/index.php\/wp-json\/wp\/v2\/media?parent=673"}],"curies":[{"name":"wp","href":"https:\/\/api.w.org\/{rel}","templated":true}]}}