{"id":402,"date":"2025-09-08T09:12:58","date_gmt":"2025-09-08T08:12:58","guid":{"rendered":"https:\/\/foexam.es\/?page_id=402"},"modified":"2025-09-23T18:16:22","modified_gmt":"2025-09-23T17:16:22","slug":"nuestro-metodo","status":"publish","type":"page","link":"https:\/\/foexam.es\/index.php\/nuestro-metodo\/","title":{"rendered":"Nuestro M\u00e9todo"},"content":{"rendered":"\n<div class=\"wp-block-uagb-container uagb-block-833d6c5e alignfull uagb-is-root-container\"><div class=\"uagb-container-inner-blocks-wrap\">\n<div class=\"wp-block-uagb-advanced-heading uagb-block-ed573b22\"><h2 class=\"uagb-heading-text\">Enfocado en opositores<\/h2><\/div>\n<\/div><\/div>\n\n\n\n<div class=\"wp-block-uagb-container uagb-block-6d83ea2f alignwide uagb-is-root-container\">\n<div class=\"wp-block-uagb-container uagb-block-b2263c7f\">\n<div class=\"wp-block-uagb-advanced-heading uagb-block-42857a0c\"><h3 class=\"uagb-heading-text\"><em>Sabemos que<\/em><\/h3><\/div>\n\n\n\n<div class=\"wp-block-uagb-advanced-heading uagb-block-68ebd602\"><h3 class=\"uagb-heading-text\"><em>opositar es un reto enorme<\/em><\/h3><\/div>\n<\/div>\n\n\n\n<div class=\"wp-block-uagb-container uagb-block-31a90008\">\n<div class=\"wp-block-uagb-advanced-heading uagb-block-1dbd0214\"><h3 class=\"uagb-heading-text\">\u00abPor eso hemos creado un m\u00e9todo que maximiza tu tiempo y multiplica tus opciones de \u00e9xito.\u201d<\/h3><\/div>\n<\/div>\n<\/div>\n\n\n\n<div class=\"wp-block-uagb-container uagb-block-e0ff0762 alignfull uagb-is-root-container\"><div class=\"uagb-container-inner-blocks-wrap\">\n<div class=\"wp-block-uagb-separator uagb-block-a9d3f2a7 wp-block-uagb-separator--icon\"><div class=\"wp-block-uagb-separator__inner\" style=\"--my-background-image:url(&quot;data:image\/svg+xml,%3Csvg width='16' height='16' viewBox='0 0 16 16' fill='none' xmlns='http:\/\/www.w3.org\/2000\/svg'%3E%3Cpath d='M6.29312 16.9999L17 6.29302M14.2931 16.9999L17 14.293M-0.707031 15.9999L16.0002 -0.707153M8.00017 -0.707153L-0.706882 7.9999' stroke='black'\/%3E%3C\/svg%3E&quot;)\"><div class=\"wp-block-uagb-separator-element\"><svg xmlns=\"https:\/\/www.w3.org\/2000\/svg\" viewBox=\"0 0 576 512\"><path d=\"M416 288h-95.1c-17.67 0-32 14.33-32 32s14.33 32 32 32H416c17.67 0 32-14.33 32-32S433.7 288 416 288zM544 32h-223.1c-17.67 0-32 14.33-32 32s14.33 32 32 32H544c17.67 0 32-14.33 32-32S561.7 32 544 32zM352 416h-32c-17.67 0-32 14.33-32 32s14.33 32 32 32h32c17.67 0 31.1-14.33 31.1-32S369.7 416 352 416zM480 160h-159.1c-17.67 0-32 14.33-32 32s14.33 32 32 32H480c17.67 0 32-14.33 32-32S497.7 160 480 160zM192.4 330.7L160 366.1V64.03C160 46.33 145.7 32 128 32S96 46.33 96 64.03v302L63.6 330.7c-6.312-6.883-14.94-10.38-23.61-10.38c-7.719 0-15.47 2.781-21.61 8.414c-13.03 11.95-13.9 32.22-1.969 45.27l87.1 96.09c12.12 13.26 35.06 13.26 47.19 0l87.1-96.09c11.94-13.05 11.06-33.31-1.969-45.27C224.6 316.8 204.4 317.7 192.4 330.7z\"><\/path><\/svg><\/div><\/div><\/div>\n<\/div><\/div>\n\n\n\n<div class=\"wp-block-uagb-container uagb-block-ae039869 alignfull uagb-is-root-container\"><div class=\"uagb-container-inner-blocks-wrap\">\n<div class=\"wp-block-uagb-container uagb-block-064e8ada\">\n<div class=\"wp-block-uagb-image aligncenter uagb-block-ffec58bb wp-block-uagb-image--layout-default wp-block-uagb-image--effect-static wp-block-uagb-image--align-center\"><figure class=\"wp-block-uagb-image__figure\"><img decoding=\"async\" srcset=\"https:\/\/foexam.es\/wp-content\/uploads\/2025\/09\/6-1-1.png ,https:\/\/foexam.es\/wp-content\/uploads\/2025\/09\/6-1-1.png 780w, https:\/\/foexam.es\/wp-content\/uploads\/2025\/09\/6-1-1.png 360w\" sizes=\"auto, (max-width: 480px) 150px\" src=\"https:\/\/foexam.es\/wp-content\/uploads\/2025\/09\/6-1-1.png\" alt=\"\" class=\"uag-image-407\" width=\"70\" height=\"70\" title=\"6-1-1\" loading=\"lazy\" role=\"img\"\/><\/figure><\/div>\n\n\n\n<div class=\"wp-block-uagb-advanced-heading uagb-block-975b03c6\"><h5 class=\"uagb-heading-text\">Flexibilidad total<\/h5><div class=\"uagb-separator\"><\/div><\/div>\n\n\n\n<div class=\"wp-block-uagb-advanced-heading uagb-block-ca38706a\"><p class=\"uagb-heading-text\">Estudia desde cualquier dispositivo, a tu ritmo.<\/p><\/div>\n<\/div>\n\n\n\n<div class=\"wp-block-uagb-container uagb-block-02052240\">\n<div class=\"wp-block-uagb-image aligncenter uagb-block-53b83367 wp-block-uagb-image--layout-default wp-block-uagb-image--effect-static wp-block-uagb-image--align-center\"><figure class=\"wp-block-uagb-image__figure\"><img decoding=\"async\" srcset=\"https:\/\/foexam.es\/wp-content\/uploads\/2025\/09\/6-1-2.png ,https:\/\/foexam.es\/wp-content\/uploads\/2025\/09\/6-1-2.png 780w, https:\/\/foexam.es\/wp-content\/uploads\/2025\/09\/6-1-2.png 360w\" sizes=\"auto, (max-width: 480px) 150px\" src=\"https:\/\/foexam.es\/wp-content\/uploads\/2025\/09\/6-1-2.png\" alt=\"\" class=\"uag-image-406\" width=\"70\" height=\"70\" title=\"6-1-2\" loading=\"lazy\" role=\"img\"\/><\/figure><\/div>\n\n\n\n<div class=\"wp-block-uagb-advanced-heading uagb-block-aff79092\"><h5 class=\"uagb-heading-text\"><strong>Entrenamiento realista<\/strong><\/h5><div class=\"uagb-separator\"><\/div><\/div>\n\n\n\n<div class=\"wp-block-uagb-advanced-heading uagb-block-da6ed811\"><p class=\"uagb-heading-text\">Simulacros de examen y test personalizables.<\/p><\/div>\n<\/div>\n\n\n\n<div class=\"wp-block-uagb-container uagb-block-981fdd9e\">\n<div class=\"wp-block-uagb-image aligncenter uagb-block-4694cc12 wp-block-uagb-image--layout-default wp-block-uagb-image--effect-static wp-block-uagb-image--align-center\"><figure class=\"wp-block-uagb-image__figure\"><img decoding=\"async\" srcset=\"https:\/\/foexam.es\/wp-content\/uploads\/2025\/09\/6-1-3.png ,https:\/\/foexam.es\/wp-content\/uploads\/2025\/09\/6-1-3.png 780w, https:\/\/foexam.es\/wp-content\/uploads\/2025\/09\/6-1-3.png 360w\" sizes=\"auto, (max-width: 480px) 150px\" src=\"https:\/\/foexam.es\/wp-content\/uploads\/2025\/09\/6-1-3.png\" alt=\"\" class=\"uag-image-408\" width=\"70\" height=\"70\" title=\"6-1-3\" loading=\"lazy\" role=\"img\"\/><\/figure><\/div>\n\n\n\n<div class=\"wp-block-uagb-advanced-heading uagb-block-316e65af\"><h5 class=\"uagb-heading-text\"><strong>M\u00e9todo de estudio avanzado<\/strong><\/h5><div class=\"uagb-separator\"><\/div><\/div>\n\n\n\n<div class=\"wp-block-uagb-advanced-heading uagb-block-64cd3c3e\"><p class=\"uagb-heading-text\">T\u00e9cnicas de memorizaci\u00f3n y concentraci\u00f3n de \u00faltima generaci\u00f3n.<\/p><\/div>\n<\/div>\n\n\n\n<div class=\"wp-block-uagb-container uagb-block-099f8fcf\">\n<div class=\"wp-block-uagb-image aligncenter uagb-block-64717e11 wp-block-uagb-image--layout-default wp-block-uagb-image--effect-static wp-block-uagb-image--align-center\"><figure class=\"wp-block-uagb-image__figure\"><img decoding=\"async\" srcset=\"https:\/\/foexam.es\/wp-content\/uploads\/2025\/09\/Diseno-sin-titulo-1.png ,https:\/\/foexam.es\/wp-content\/uploads\/2025\/09\/Diseno-sin-titulo-1.png 780w, https:\/\/foexam.es\/wp-content\/uploads\/2025\/09\/Diseno-sin-titulo-1.png 360w\" sizes=\"auto, (max-width: 480px) 150px\" src=\"https:\/\/foexam.es\/wp-content\/uploads\/2025\/09\/Diseno-sin-titulo-1.png\" alt=\"\" class=\"uag-image-403\" width=\"70\" height=\"70\" title=\"Dise\u00f1o sin t\u00edtulo\" loading=\"lazy\" role=\"img\"\/><\/figure><\/div>\n\n\n\n<div class=\"wp-block-uagb-advanced-heading uagb-block-69490de7\"><h5 class=\"uagb-heading-text\"><strong>Seguimiento y acompa\u00f1amiento<\/strong><\/h5><div class=\"uagb-separator\"><\/div><\/div>\n\n\n\n<div class=\"wp-block-uagb-advanced-heading uagb-block-70515e75\"><p class=\"uagb-heading-text\">Profesionales expertos que te gu\u00edan en cada etapa.<\/p><\/div>\n<\/div>\n<\/div><\/div>\n\n\n\n<div class=\"wp-block-uagb-container uagb-block-27e6f31b alignfull uagb-is-root-container\"><div class=\"uagb-container-inner-blocks-wrap\">\n<div class=\"wp-block-uagb-container uagb-block-b29c0fa7\">\n<blockquote class=\"wp-block-quote is-layout-flow wp-block-quote-is-layout-flow\">\n<p class=\"has-text-align-center has-ternary-color has-text-color has-link-color wp-elements-87e6cfccb849204d3c46cccf602bb209\"><strong><em><strong><strong><em>\u201cPrep\u00e1rate con nosotros y convierte el esfuerzo en resultados.\u201d<\/em><\/strong><\/strong><\/em><\/strong><\/p>\n<\/blockquote>\n<\/div>\n\n\n\n<div class=\"wp-block-uagb-container uagb-block-fa83c71b\">\n<div class=\"wp-block-buttons is-content-justification-center is-layout-flex wp-container-core-buttons-is-layout-a89b3969 wp-block-buttons-is-layout-flex\">\n<div class=\"wp-block-button\"><a class=\"wp-block-button__link wp-element-button\" href=\"https:\/\/foexam.es\/index.php\/oposiciones\/\">Oposiciones<\/a><\/div>\n<\/div>\n<\/div>\n<\/div><\/div>\n\n\n\n<div class=\"wp-block-uagb-container uagb-block-0b87799c alignfull uagb-is-root-container\"><div class=\"uagb-container-inner-blocks-wrap\">\n<div class=\"wp-block-uagb-separator uagb-block-e3dcaa1a\"><div class=\"wp-block-uagb-separator__inner\" style=\"--my-background-image:url(&quot;data:image\/svg+xml,%3Csvg width='16' height='16' viewBox='0 0 16 16' fill='none' xmlns='http:\/\/www.w3.org\/2000\/svg'%3E%3Cpath d='M6.29312 16.9999L17 6.29302M14.2931 16.9999L17 14.293M-0.707031 15.9999L16.0002 -0.707153M8.00017 -0.707153L-0.706882 7.9999' stroke='black'\/%3E%3C\/svg%3E&quot;)\"><\/div><\/div>\n<\/div><\/div>\n\n\n\n<div class=\"wp-block-uagb-container uagb-block-21c5b5be alignfull uagb-is-root-container\"><div class=\"uagb-container-inner-blocks-wrap\">\n<div class=\"wp-block-uagb-advanced-heading uagb-block-2b4eb9ff\"><h2 class=\"uagb-heading-text\">Enfocado para profesionales de la emergencia<\/h2><\/div>\n<\/div><\/div>\n\n\n\n<div class=\"wp-block-uagb-container uagb-block-0cb27d91 alignfull uagb-is-root-container\"><div class=\"uagb-container-inner-blocks-wrap\">\n<p class=\"has-text-align-right has-heading-color has-text-color has-link-color has-regular-font-size wp-elements-df83a58b5aabfe5da979c4e64585019f\" style=\"border-style:none;border-width:0px;margin-top:0;margin-right:0;margin-bottom:0;margin-left:0;font-style:normal;font-weight:600;line-height:1.8\"><strong><em>\u201cLa experiencia no se improvisa: se entrena. <\/em><\/strong><\/p>\n\n\n\n<p class=\"has-heading-color has-text-color has-link-color has-regular-font-size wp-elements-9f1bc5910afa67673ac5a3c83c66f398\" style=\"border-style:none;border-width:0px;margin-top:0;margin-right:0;margin-bottom:0;margin-left:0;font-style:normal;font-weight:400;line-height:1.8\"><strong><em>Nuestros programas de formaci\u00f3n est\u00e1n dise\u00f1ados para que aprendas lo que de verdad importa en emergencias y seguridad.\u201d<\/em><\/strong><\/p>\n<\/div><\/div>\n\n\n\n<div class=\"wp-block-uagb-container uagb-block-36169ec7 alignfull uagb-is-root-container\"><div class=\"uagb-container-inner-blocks-wrap\">\n<div class=\"wp-block-uagb-container uagb-block-6456d620\">\n<div class=\"wp-block-uagb-image aligncenter uagb-block-c6e2b271 wp-block-uagb-image--layout-default wp-block-uagb-image--effect-static wp-block-uagb-image--align-center\"><figure class=\"wp-block-uagb-image__figure\"><img decoding=\"async\" srcset=\"https:\/\/foexam.es\/wp-content\/uploads\/2025\/09\/6-2-1.png ,https:\/\/foexam.es\/wp-content\/uploads\/2025\/09\/6-2-1.png 780w, https:\/\/foexam.es\/wp-content\/uploads\/2025\/09\/6-2-1.png 360w\" sizes=\"auto, (max-width: 480px) 150px\" src=\"https:\/\/foexam.es\/wp-content\/uploads\/2025\/09\/6-2-1.png\" alt=\"\" class=\"uag-image-419\" width=\"70\" height=\"70\" title=\"6-2-1\" loading=\"lazy\" role=\"img\"\/><\/figure><\/div>\n\n\n\n<div class=\"wp-block-uagb-advanced-heading uagb-block-3eda43df\"><h5 class=\"uagb-heading-text\"><strong>Aprendizaje pr\u00e1ctico<\/strong><\/h5><div class=\"uagb-separator\"><\/div><\/div>\n\n\n\n<div class=\"wp-block-uagb-advanced-heading uagb-block-f1dbd1c8\"><p class=\"uagb-heading-text\">Simulaciones y escenarios reales.<\/p><\/div>\n<\/div>\n\n\n\n<div class=\"wp-block-uagb-container uagb-block-272f1687\">\n<div class=\"wp-block-uagb-image aligncenter uagb-block-d082726d wp-block-uagb-image--layout-default wp-block-uagb-image--effect-static wp-block-uagb-image--align-center\"><figure class=\"wp-block-uagb-image__figure\"><img decoding=\"async\" srcset=\"https:\/\/foexam.es\/wp-content\/uploads\/2025\/09\/6-2-2.png ,https:\/\/foexam.es\/wp-content\/uploads\/2025\/09\/6-2-2.png 780w, https:\/\/foexam.es\/wp-content\/uploads\/2025\/09\/6-2-2.png 360w\" sizes=\"auto, (max-width: 480px) 150px\" src=\"https:\/\/foexam.es\/wp-content\/uploads\/2025\/09\/6-2-2.png\" alt=\"\" class=\"uag-image-420\" width=\"70\" height=\"70\" title=\"6-2-2\" loading=\"lazy\" role=\"img\"\/><\/figure><\/div>\n\n\n\n<div class=\"wp-block-uagb-advanced-heading uagb-block-6e95c4a4\"><h5 class=\"uagb-heading-text\"><strong><strong>Metodolog\u00eda internacional<\/strong><\/strong><\/h5><div class=\"uagb-separator\"><\/div><\/div>\n\n\n\n<div class=\"wp-block-uagb-advanced-heading uagb-block-de1863c6\"><p class=\"uagb-heading-text\">Basada en gu\u00edas y protocolos de referencia.<\/p><\/div>\n<\/div>\n\n\n\n<div class=\"wp-block-uagb-container uagb-block-1529948b\">\n<div class=\"wp-block-uagb-image aligncenter uagb-block-f4a253d9 wp-block-uagb-image--layout-default wp-block-uagb-image--effect-static wp-block-uagb-image--align-center\"><figure class=\"wp-block-uagb-image__figure\"><img decoding=\"async\" srcset=\"https:\/\/foexam.es\/wp-content\/uploads\/2025\/09\/6-2-3.png ,https:\/\/foexam.es\/wp-content\/uploads\/2025\/09\/6-2-3.png 780w, https:\/\/foexam.es\/wp-content\/uploads\/2025\/09\/6-2-3.png 360w\" sizes=\"auto, (max-width: 480px) 150px\" src=\"https:\/\/foexam.es\/wp-content\/uploads\/2025\/09\/6-2-3.png\" alt=\"\" class=\"uag-image-421\" width=\"70\" height=\"70\" title=\"6-2-3\" loading=\"lazy\" role=\"img\"\/><\/figure><\/div>\n\n\n\n<div class=\"wp-block-uagb-advanced-heading uagb-block-1e57385b\"><h5 class=\"uagb-heading-text\"><strong><strong>Docentes expertos<\/strong><\/strong><\/h5><div class=\"uagb-separator\"><\/div><\/div>\n\n\n\n<div class=\"wp-block-uagb-advanced-heading uagb-block-bee06a54\"><p class=\"uagb-heading-text\">Profesionales en activo en emergencias, seguridad y sanidad.<\/p><\/div>\n<\/div>\n\n\n\n<div class=\"wp-block-uagb-container uagb-block-37d8730c\">\n<div class=\"wp-block-uagb-image aligncenter uagb-block-f4b66b7c wp-block-uagb-image--layout-default wp-block-uagb-image--effect-static wp-block-uagb-image--align-center\"><figure class=\"wp-block-uagb-image__figure\"><img decoding=\"async\" srcset=\"https:\/\/foexam.es\/wp-content\/uploads\/2025\/09\/6-2-4.png ,https:\/\/foexam.es\/wp-content\/uploads\/2025\/09\/6-2-4.png 780w, https:\/\/foexam.es\/wp-content\/uploads\/2025\/09\/6-2-4.png 360w\" sizes=\"auto, (max-width: 480px) 150px\" src=\"https:\/\/foexam.es\/wp-content\/uploads\/2025\/09\/6-2-4.png\" alt=\"\" class=\"uag-image-422\" width=\"70\" height=\"70\" title=\"6-2-4\" loading=\"lazy\" role=\"img\"\/><\/figure><\/div>\n\n\n\n<div class=\"wp-block-uagb-advanced-heading uagb-block-9e99beec\"><h5 class=\"uagb-heading-text\"><strong><strong>Resultados medibles<\/strong><\/strong><\/h5><div class=\"uagb-separator\"><\/div><\/div>\n\n\n\n<div class=\"wp-block-uagb-advanced-heading uagb-block-01e035c6\"><p class=\"uagb-heading-text\">Adquieres competencias aplicables desde el primer d\u00eda.<\/p><\/div>\n<\/div>\n<\/div><\/div>\n\n\n\n<div class=\"wp-block-uagb-container uagb-block-43ab4e30 alignfull uagb-is-root-container\"><div class=\"uagb-container-inner-blocks-wrap\">\n<div class=\"wp-block-uagb-container uagb-block-9a8059a5\">\n<div class=\"wp-block-uagb-buttons uagb-buttons__outer-wrap uagb-btn__default-btn uagb-btn-tablet__default-btn uagb-btn-mobile__default-btn uagb-block-621685ef\"><div class=\"uagb-buttons__wrap uagb-buttons-layout-wrap \">\n<div class=\"wp-block-uagb-buttons-child uagb-buttons__outer-wrap uagb-block-b2e299f2 wp-block-button\"><div class=\"uagb-button__wrapper\"><a class=\"uagb-buttons-repeater wp-block-button__link\" aria-label=\"\" href=\"#\" rel=\"follow noopener\" target=\"_self\" role=\"button\"><div class=\"uagb-button__link\">Conoce nuestra formaci\u00f3n<\/div><\/a><\/div><\/div>\n<\/div><\/div>\n<\/div>\n\n\n\n<div class=\"wp-block-uagb-container uagb-block-d295b184\">\n<blockquote class=\"wp-block-quote is-layout-flow wp-block-quote-is-layout-flow\">\n<p class=\"has-text-align-center has-ternary-color has-text-color has-link-color wp-elements-30c8b2ca50d7d3b202c0f984a3b4b012\"><strong><em><strong>\u00abFormamos profesionales en entornos reales. \u00bfA qu\u00e9 est\u00e1s esperando para probarlo?<\/strong><\/em><\/strong><\/p>\n<\/blockquote>\n<\/div>\n<\/div><\/div>\n","protected":false},"excerpt":{"rendered":"<p>Enfocado en opositores Sabemos que opositar es un reto enorme \u00abPor eso hemos creado un m\u00e9todo que maximiza tu tiempo y multiplica tus opciones de \u00e9xito.\u201d Flexibilidad total Estudia desde cualquier dispositivo, a tu ritmo. Entrenamiento realista Simulacros de examen y test personalizables. M\u00e9todo de estudio avanzado T\u00e9cnicas de memorizaci\u00f3n y concentraci\u00f3n de \u00faltima generaci\u00f3n. [&hellip;]<\/p>\n","protected":false},"author":1,"featured_media":0,"parent":0,"menu_order":0,"comment_status":"closed","ping_status":"closed","template":"wp-custom-template-m-todo","meta":{"_uag_custom_page_level_css":"","footnotes":""},"class_list":["post-402","page","type-page","status-publish","hentry"],"uagb_featured_image_src":{"full":false,"thumbnail":false,"medium":false,"medium_large":false,"large":false,"1536x1536":false,"2048x2048":false,"mailpoet_newsletter_max":false,"woocommerce_thumbnail":false,"woocommerce_single":false,"woocommerce_gallery_thumbnail":false},"uagb_author_info":{"display_name":"admin","author_link":"https:\/\/foexam.es\/index.php\/author\/admin\/"},"uagb_comment_info":0,"uagb_excerpt":"Enfocado en opositores Sabemos que opositar es un reto enorme \u00abPor eso hemos creado un m\u00e9todo que maximiza tu tiempo y multiplica tus opciones de \u00e9xito.\u201d Flexibilidad total Estudia desde cualquier dispositivo, a tu ritmo. Entrenamiento realista Simulacros de examen y test personalizables. M\u00e9todo de estudio avanzado T\u00e9cnicas de memorizaci\u00f3n y concentraci\u00f3n de \u00faltima generaci\u00f3n.&hellip;","_links":{"self":[{"href":"https:\/\/foexam.es\/index.php\/wp-json\/wp\/v2\/pages\/402","targetHints":{"allow":["GET"]}}],"collection":[{"href":"https:\/\/foexam.es\/index.php\/wp-json\/wp\/v2\/pages"}],"about":[{"href":"https:\/\/foexam.es\/index.php\/wp-json\/wp\/v2\/types\/page"}],"author":[{"embeddable":true,"href":"https:\/\/foexam.es\/index.php\/wp-json\/wp\/v2\/users\/1"}],"replies":[{"embeddable":true,"href":"https:\/\/foexam.es\/index.php\/wp-json\/wp\/v2\/comments?post=402"}],"version-history":[{"count":39,"href":"https:\/\/foexam.es\/index.php\/wp-json\/wp\/v2\/pages\/402\/revisions"}],"predecessor-version":[{"id":623,"href":"https:\/\/foexam.es\/index.php\/wp-json\/wp\/v2\/pages\/402\/revisions\/623"}],"wp:attachment":[{"href":"https:\/\/foexam.es\/index.php\/wp-json\/wp\/v2\/media?parent=402"}],"curies":[{"name":"wp","href":"https:\/\/api.w.org\/{rel}","templated":true}]}}