{"id":315,"date":"2025-09-06T22:11:51","date_gmt":"2025-09-06T21:11:51","guid":{"rendered":"https:\/\/foexam.es\/?page_id=315"},"modified":"2026-03-27T19:27:53","modified_gmt":"2026-03-27T18:27:53","slug":"consultoria2","status":"publish","type":"page","link":"https:\/\/foexam.es\/index.php\/consultoria2\/","title":{"rendered":"Consultor\u00eda"},"content":{"rendered":"\n<div class=\"wp-block-uagb-container uagb-block-707b32cb alignfull uagb-is-root-container\"><div class=\"uagb-container-inner-blocks-wrap\">\n<div class=\"wp-block-uagb-advanced-heading uagb-block-c5d54217\"><h3 class=\"uagb-heading-text\"><strong>Coaching Empresarial para Equipos de Alto Rendimiento<\/strong><\/h3><\/div>\n<\/div><\/div>\n\n\n\n<div class=\"wp-block-uagb-container uagb-block-7e258df4 alignfull uagb-is-root-container\"><div class=\"uagb-container-inner-blocks-wrap\">\n<div class=\"wp-block-uagb-info-box uagb-block-5acaac14 uagb-infobox__content-wrap  uagb-infobox-icon-above-title uagb-infobox-image-valign-top\"><div class=\"uagb-ifb-content\"><div class=\"uagb-ifb-title-wrap\"><\/div><p class=\"uagb-ifb-desc\"><em><strong>\u00abUnimos la disciplina de los equipos de emergencias con la innovaci\u00f3n en liderazgo para transformar grupos de trabajo en verdaderos equipos de \u00e9lite\u00bb.<\/strong><\/em><\/p><div class=\"uagb-ifb-button-wrapper wp-block-button\"><a href=\"#\" target=\"_self\" onclick=\"return false;\" class=\"uagb-infobox-cta-link\" rel=\"noopener noreferrer\"><span class=\"uagb-inline-editing\">.<\/span><\/a><\/div><\/div><\/div>\n<\/div><\/div>\n\n\n\n<div class=\"wp-block-uagb-separator uagb-block-c9769248 wp-block-uagb-separator--icon\"><div class=\"wp-block-uagb-separator__inner\" style=\"--my-background-image:url(&quot;data:image\/svg+xml,%3Csvg width='16' height='16' viewBox='0 0 16 16' fill='none' xmlns='http:\/\/www.w3.org\/2000\/svg'%3E%3Cpath d='M6.29312 16.9999L17 6.29302M14.2931 16.9999L17 14.293M-0.707031 15.9999L16.0002 -0.707153M8.00017 -0.707153L-0.706882 7.9999' stroke='black'\/%3E%3C\/svg%3E&quot;)\"><div class=\"wp-block-uagb-separator-element\"><svg xmlns=\"https:\/\/www.w3.org\/2000\/svg\" viewBox=\"0 0 640 512\"><path d=\"M9.372 9.372C21.87-3.124 42.13-3.124 54.63 9.372L159.1 114.7V95.1C159.1 78.33 174.3 63.1 191.1 63.1C209.7 63.1 223.1 78.33 223.1 95.1V191.1C223.1 196.3 223.1 200.5 221.6 204.2C220 207.1 217.7 211.5 214.7 214.6L214.6 214.7C211.5 217.7 207.1 220 204.2 221.6C200.5 223.1 196.3 223.1 191.1 223.1H95.1C78.33 223.1 63.1 209.7 63.1 191.1C63.1 174.3 78.33 159.1 95.1 159.1H114.7L9.372 54.63C-3.124 42.13-3.124 21.87 9.372 9.372V9.372zM384 256C384 291.3 355.3 320 320 320C284.7 320 256 291.3 256 256C256 220.7 284.7 192 320 192C355.3 192 384 220.7 384 256zM96 352C78.33 352 64 337.7 64 320C64 302.3 78.33 288 96 288H192H192.1C200.9 288 208.8 291.6 214.6 297.3L214.7 297.4C217.7 300.5 220 304 221.6 307.8C223.1 311.5 224 315.7 224 319.1V416C224 433.7 209.7 448 192 448C174.3 448 160 433.7 160 416V397.3L54.63 502.6C42.13 515.1 21.87 515.1 9.373 502.6C-3.124 490.1-3.124 469.9 9.373 457.4L114.7 352L96 352zM448 64C465.7 64 480 78.33 480 96V114.7L585.4 9.373C597.9-3.124 618.1-3.124 630.6 9.373C643.1 21.87 643.1 42.13 630.6 54.63L525.3 160H544C561.7 160 576 174.3 576 192C576 209.7 561.7 224 544 224H448C439.2 224 431.2 220.4 425.4 214.7L425.3 214.6C422.3 211.5 419.1 207.1 418.4 204.2C416.9 200.5 416 196.4 416 192.1V191.1V96C416 78.33 430.3 64 448 64H448zM525.3 352L630.6 457.4C643.1 469.9 643.1 490.1 630.6 502.6C618.1 515.1 597.9 515.1 585.4 502.6L480 397.3V416C480 433.7 465.7 448 448 448C430.3 448 416 433.7 416 416V320C416 319.1 416 319.9 416 319.9C416 315.6 416.9 311.5 418.4 307.8C419.1 303.1 422.3 300.4 425.4 297.4C431.1 291.6 439.1 288 447.9 288C447.9 288 447.1 288 448 288H544C561.7 288 576 302.3 576 320C576 337.7 561.7 352 544 352L525.3 352z\"><\/path><\/svg><\/div><\/div><\/div>\n\n\n\n<div class=\"wp-block-uagb-container uagb-block-0632fae5 alignfull uagb-is-root-container\"><div class=\"uagb-container-inner-blocks-wrap\">\n<div class=\"wp-block-uagb-container uagb-block-0d3363aa\">\n<div class=\"wp-block-uagb-image uagb-block-d3c901b0 wp-block-uagb-image--layout-default wp-block-uagb-image--effect-static wp-block-uagb-image--align-none\"><figure class=\"wp-block-uagb-image__figure\"><img decoding=\"async\" srcset=\"https:\/\/foexam.es\/wp-content\/uploads\/2025\/09\/26.png ,https:\/\/foexam.es\/wp-content\/uploads\/2025\/09\/26.png 780w, https:\/\/foexam.es\/wp-content\/uploads\/2025\/09\/26.png 360w\" sizes=\"auto, (max-width: 480px) 150px\" src=\"https:\/\/foexam.es\/wp-content\/uploads\/2025\/09\/26.png\" alt=\"\" class=\"uag-image-190\" width=\"70\" height=\"70\" title=\"26\" loading=\"lazy\" role=\"img\"\/><\/figure><\/div>\n\n\n\n<div class=\"wp-block-uagb-advanced-heading uagb-block-3586732a\"><h3 class=\"uagb-heading-text\"><strong>Cohesi\u00f3n y confianza<\/strong><\/h3><div class=\"uagb-separator\"><\/div><\/div>\n\n\n\n<p class=\"has-text-align-center\">Din\u00e1micas que fortalecen la uni\u00f3n del equipo.<\/p>\n<\/div>\n\n\n\n<div class=\"wp-block-uagb-container uagb-block-0dbb1605\">\n<div class=\"wp-block-uagb-image uagb-block-6db442c5 wp-block-uagb-image--layout-default wp-block-uagb-image--effect-static wp-block-uagb-image--align-none\"><figure class=\"wp-block-uagb-image__figure\"><img decoding=\"async\" srcset=\"https:\/\/foexam.es\/wp-content\/uploads\/2025\/09\/25.png ,https:\/\/foexam.es\/wp-content\/uploads\/2025\/09\/25.png 780w, https:\/\/foexam.es\/wp-content\/uploads\/2025\/09\/25.png 360w\" sizes=\"auto, (max-width: 480px) 150px\" src=\"https:\/\/foexam.es\/wp-content\/uploads\/2025\/09\/25.png\" alt=\"\" class=\"uag-image-192\" width=\"70\" height=\"70\" title=\"25\" loading=\"lazy\" role=\"img\"\/><\/figure><\/div>\n\n\n\n<div class=\"wp-block-uagb-advanced-heading uagb-block-fc12fd38\"><h3 class=\"uagb-heading-text\"><strong><strong>Resiliencia y liderazgo<\/strong><\/strong><\/h3><div class=\"uagb-separator\"><\/div><\/div>\n\n\n\n<p class=\"has-text-align-center\">Herramientas para optimizar la coordinaci\u00f3n en entornos de presi\u00f3n.<\/p>\n<\/div>\n\n\n\n<div class=\"wp-block-uagb-container uagb-block-51c38958\">\n<div class=\"wp-block-uagb-image uagb-block-b1b7aa1e wp-block-uagb-image--layout-default wp-block-uagb-image--effect-static wp-block-uagb-image--align-none\"><figure class=\"wp-block-uagb-image__figure\"><img decoding=\"async\" srcset=\"https:\/\/foexam.es\/wp-content\/uploads\/2025\/09\/28.png ,https:\/\/foexam.es\/wp-content\/uploads\/2025\/09\/28.png 780w, https:\/\/foexam.es\/wp-content\/uploads\/2025\/09\/28.png 360w\" sizes=\"auto, (max-width: 480px) 150px\" src=\"https:\/\/foexam.es\/wp-content\/uploads\/2025\/09\/28.png\" alt=\"\" class=\"uag-image-193\" width=\"70\" height=\"70\" title=\"28\" loading=\"lazy\" role=\"img\"\/><\/figure><\/div>\n\n\n\n<div class=\"wp-block-uagb-advanced-heading uagb-block-beb911d7\"><h3 class=\"uagb-heading-text\"><strong>Cohesi\u00f3n y <strong>Enfoque pr\u00e1ctico e innovado<\/strong><\/strong><\/h3><div class=\"uagb-separator\"><\/div><\/div>\n\n\n\n<p class=\"has-text-align-center\">Inspirado en la preparaci\u00f3n de bomberos, sanitarios y cuerpos de seguridad.<\/p>\n<\/div>\n\n\n\n<div class=\"wp-block-uagb-container uagb-block-4302db8d\">\n<div class=\"wp-block-uagb-image uagb-block-12e23e4e wp-block-uagb-image--layout-default wp-block-uagb-image--effect-static wp-block-uagb-image--align-none\"><figure class=\"wp-block-uagb-image__figure\"><img decoding=\"async\" srcset=\"https:\/\/foexam.es\/wp-content\/uploads\/2025\/09\/27.png ,https:\/\/foexam.es\/wp-content\/uploads\/2025\/09\/27.png 780w, https:\/\/foexam.es\/wp-content\/uploads\/2025\/09\/27.png 360w\" sizes=\"auto, (max-width: 480px) 150px\" src=\"https:\/\/foexam.es\/wp-content\/uploads\/2025\/09\/27.png\" alt=\"\" class=\"uag-image-191\" width=\"70\" height=\"70\" title=\"27\" loading=\"lazy\" role=\"img\"\/><\/figure><\/div>\n\n\n\n<div class=\"wp-block-uagb-advanced-heading uagb-block-c0d2bade\"><h3 class=\"uagb-heading-text\"><strong><strong>Comunicaci\u00f3n eficaz<\/strong><\/strong><\/h3><div class=\"uagb-separator\"><\/div><\/div>\n\n\n\n<p class=\"has-text-align-center\">Entrenamiento diferente, con impacto inmediato en la productividad.<\/p>\n<\/div>\n<\/div><\/div>\n\n\n\n<div class=\"wp-block-uagb-separator uagb-block-e2199285\"><div class=\"wp-block-uagb-separator__inner\" style=\"--my-background-image:url(&quot;data:image\/svg+xml,%3Csvg width='16' height='16' viewBox='0 0 16 16' fill='none' xmlns='http:\/\/www.w3.org\/2000\/svg'%3E%3Cpath d='M6.29312 16.9999L17 6.29302M14.2931 16.9999L17 14.293M-0.707031 15.9999L16.0002 -0.707153M8.00017 -0.707153L-0.706882 7.9999' stroke='black'\/%3E%3C\/svg%3E&quot;)\"><\/div><\/div>\n\n\n\n<div class=\"wp-block-uagb-container uagb-block-8a61a5cf alignwide uagb-is-root-container\">\n<div class=\"wp-block-uagb-container uagb-layout-flex uagb-block-4f72b61f\">\n<div class=\"wp-block-uagb-advanced-heading uagb-block-db650ecc\"><h5 class=\"uagb-heading-text\"><em>Coaching Empresarial para Equipos de Alto Rendimiento<\/em><\/h5><\/div>\n\n\n\n<div class=\"wp-block-uagb-advanced-heading uagb-block-b9ac38e1\"><h6 class=\"uagb-heading-text\"><em>\u00abLa experiencia de las emergencias aplicadas a tu organizaci\u00f3n\u00bb.<\/em><\/h6><\/div>\n\n\n\n<p style=\"border-style:none;border-width:0px;margin-right:0;margin-left:0\">Desde FoeXam consultor\u00eda ponemos a disposici\u00f3n de los clientes nuestro m\u00e9todo de trabajo con el fin de lograr la mejora en las competencias propias en materia de Seguridad y Emergencias.<\/p>\n\n\n\n<p style=\"border-style:none;border-width:0px;margin-top:0;margin-bottom:0;padding-top:0;padding-right:0;padding-bottom:0;padding-left:0\">Ponemos al alcance herramientas adaptadas, exportadas de la experiencia de los profesionales de las emergencias, permitiendo acercar la filosof\u00eda de los profesionales a su empresa y personal.<\/p>\n\n\n\n<p style=\"border-style:none;border-width:0px;margin-top:0;margin-bottom:0;padding-top:0;padding-right:0;padding-bottom:0;padding-left:0\">No dudes en preguntar por este servicio y nuestro equipo se pondr\u00e1 en contacto lo antes posible.<\/p>\n\n\n\n<div class=\"wp-block-uagb-buttons uagb-buttons__outer-wrap uagb-btn__default-btn uagb-btn-tablet__default-btn uagb-btn-mobile__default-btn uagb-block-b3694fe3\"><div class=\"uagb-buttons__wrap uagb-buttons-layout-wrap \">\n<div class=\"wp-block-uagb-buttons-child uagb-buttons__outer-wrap uagb-block-3ebba7dd wp-block-button\"><div class=\"uagb-button__wrapper\"><a class=\"uagb-buttons-repeater wp-block-button__link\" aria-label=\"\" href=\"\/index.php\/contacta\" rel=\"follow noopener\" target=\"_self\" role=\"button\"><div class=\"uagb-button__link\">Solicita Informaci\u00f3n<\/div><\/a><\/div><\/div>\n<\/div><\/div>\n<\/div>\n\n\n\n<blockquote class=\"wp-block-quote is-layout-flow wp-block-quote-is-layout-flow\" style=\"padding-top:0;padding-bottom:0\">\n<p><\/p>\n<\/blockquote>\n<\/div>\n\n\n\n<div class=\"wp-block-uagb-container uagb-block-0cd40292 alignfull uagb-is-root-container\"><div class=\"uagb-container-inner-blocks-wrap\">\n<blockquote class=\"wp-block-quote has-text-align-center is-layout-flow wp-container-core-quote-is-layout-8a368f38 wp-block-quote-is-layout-flow\" style=\"border-style:none;border-width:0px\">\n<p class=\"has-text-align-center\"><strong><strong>Lleva a tu equipo al siguiente nivel con un m\u00e9todo \u00fanico en el mercado.<\/strong><\/strong><\/p>\n<\/blockquote>\n<\/div><\/div>\n\n\n\n<div class=\"wp-block-uagb-container uagb-block-a55fbbcd alignfull uagb-is-root-container\"><div class=\"uagb-container-inner-blocks-wrap\">\n<div class=\"wp-block-uagb-separator uagb-block-52b5e20a\"><div class=\"wp-block-uagb-separator__inner\" style=\"--my-background-image:url(&quot;data:image\/svg+xml,%3Csvg width='16' height='16' viewBox='0 0 16 16' fill='none' xmlns='http:\/\/www.w3.org\/2000\/svg'%3E%3Cpath d='M6.29312 16.9999L17 6.29302M14.2931 16.9999L17 14.293M-0.707031 15.9999L16.0002 -0.707153M8.00017 -0.707153L-0.706882 7.9999' stroke='black'\/%3E%3C\/svg%3E&quot;)\"><\/div><\/div>\n<\/div><\/div>\n\n\n\n<div class=\"wp-block-uagb-container uagb-block-addcd1ea alignfull uagb-is-root-container\"><div class=\"uagb-container-inner-blocks-wrap\">\n<div class=\"wp-block-uagb-advanced-heading uagb-block-a82a2942\"><h3 class=\"uagb-heading-text\"><strong><strong>Asesoramiento en Planes de Emergencia y Seguridad<\/strong><\/strong><\/h3><\/div>\n<\/div><\/div>\n\n\n\n<div class=\"wp-block-uagb-container uagb-block-ce166499 alignfull uagb-is-root-container\"><div class=\"uagb-container-inner-blocks-wrap\">\n<div class=\"wp-block-uagb-container uagb-block-18d33bb3\">\n<p class=\"has-text-align-left has-heading-color has-text-color has-link-color has-regular-font-size wp-elements-64846e1f1751789a7ac787c37f982ff1\"><strong><em>\u201cDise\u00f1amos, implantamos y revisamos planes de emergencia adaptados a cada organizaci\u00f3n, cumpliendo normativa y garantizando la m\u00e1xima seguridad.\u201d<\/em><\/strong><\/p>\n<\/div>\n\n\n\n<div class=\"wp-block-uagb-container uagb-block-9a55eb8f\">\n<div class=\"wp-block-uagb-image uagb-block-a4b39a79 wp-block-uagb-image--layout-default wp-block-uagb-image--effect-static wp-block-uagb-image--align-none\"><figure class=\"wp-block-uagb-image__figure\"><img decoding=\"async\" srcset=\"https:\/\/foexam.es\/wp-content\/uploads\/2025\/09\/Oficina-I-1-300x300.png ,https:\/\/foexam.es\/wp-content\/uploads\/2025\/09\/Oficina-I-1.png 780w, https:\/\/foexam.es\/wp-content\/uploads\/2025\/09\/Oficina-I-1.png 360w\" sizes=\"auto, (max-width: 480px) 150px\" src=\"https:\/\/foexam.es\/wp-content\/uploads\/2025\/09\/Oficina-I-1-300x300.png\" alt=\"\" class=\"uag-image-462\" width=\"300\" height=\"300\" title=\"Oficina I\" loading=\"lazy\" role=\"img\"\/><\/figure><\/div>\n<\/div>\n<\/div><\/div>\n\n\n\n<div class=\"wp-block-uagb-container uagb-block-5b7b8c7e alignfull uagb-is-root-container\"><div class=\"uagb-container-inner-blocks-wrap\">\n<div class=\"wp-block-uagb-separator uagb-block-c0bb8342 wp-block-uagb-separator--icon\"><div class=\"wp-block-uagb-separator__inner\" style=\"--my-background-image:url(&quot;data:image\/svg+xml,%3Csvg width='16' height='16' viewBox='0 0 16 16' fill='none' xmlns='http:\/\/www.w3.org\/2000\/svg'%3E%3Cpath d='M6.29312 16.9999L17 6.29302M14.2931 16.9999L17 14.293M-0.707031 15.9999L16.0002 -0.707153M8.00017 -0.707153L-0.706882 7.9999' stroke='black'\/%3E%3C\/svg%3E&quot;)\"><div class=\"wp-block-uagb-separator-element\"><svg xmlns=\"https:\/\/www.w3.org\/2000\/svg\" viewBox=\"0 0 640 512\"><path d=\"M9.372 9.372C21.87-3.124 42.13-3.124 54.63 9.372L159.1 114.7V95.1C159.1 78.33 174.3 63.1 191.1 63.1C209.7 63.1 223.1 78.33 223.1 95.1V191.1C223.1 196.3 223.1 200.5 221.6 204.2C220 207.1 217.7 211.5 214.7 214.6L214.6 214.7C211.5 217.7 207.1 220 204.2 221.6C200.5 223.1 196.3 223.1 191.1 223.1H95.1C78.33 223.1 63.1 209.7 63.1 191.1C63.1 174.3 78.33 159.1 95.1 159.1H114.7L9.372 54.63C-3.124 42.13-3.124 21.87 9.372 9.372V9.372zM384 256C384 291.3 355.3 320 320 320C284.7 320 256 291.3 256 256C256 220.7 284.7 192 320 192C355.3 192 384 220.7 384 256zM96 352C78.33 352 64 337.7 64 320C64 302.3 78.33 288 96 288H192H192.1C200.9 288 208.8 291.6 214.6 297.3L214.7 297.4C217.7 300.5 220 304 221.6 307.8C223.1 311.5 224 315.7 224 319.1V416C224 433.7 209.7 448 192 448C174.3 448 160 433.7 160 416V397.3L54.63 502.6C42.13 515.1 21.87 515.1 9.373 502.6C-3.124 490.1-3.124 469.9 9.373 457.4L114.7 352L96 352zM448 64C465.7 64 480 78.33 480 96V114.7L585.4 9.373C597.9-3.124 618.1-3.124 630.6 9.373C643.1 21.87 643.1 42.13 630.6 54.63L525.3 160H544C561.7 160 576 174.3 576 192C576 209.7 561.7 224 544 224H448C439.2 224 431.2 220.4 425.4 214.7L425.3 214.6C422.3 211.5 419.1 207.1 418.4 204.2C416.9 200.5 416 196.4 416 192.1V191.1V96C416 78.33 430.3 64 448 64H448zM525.3 352L630.6 457.4C643.1 469.9 643.1 490.1 630.6 502.6C618.1 515.1 597.9 515.1 585.4 502.6L480 397.3V416C480 433.7 465.7 448 448 448C430.3 448 416 433.7 416 416V320C416 319.1 416 319.9 416 319.9C416 315.6 416.9 311.5 418.4 307.8C419.1 303.1 422.3 300.4 425.4 297.4C431.1 291.6 439.1 288 447.9 288C447.9 288 447.1 288 448 288H544C561.7 288 576 302.3 576 320C576 337.7 561.7 352 544 352L525.3 352z\"><\/path><\/svg><\/div><\/div><\/div>\n<\/div><\/div>\n\n\n\n<div class=\"wp-block-uagb-container uagb-block-56d2503c alignfull uagb-is-root-container\"><div class=\"uagb-container-inner-blocks-wrap\">\n<div class=\"wp-block-uagb-container uagb-block-9c7f88cb\">\n<div class=\"wp-block-uagb-image uagb-block-78f7e197 wp-block-uagb-image--layout-default wp-block-uagb-image--effect-static wp-block-uagb-image--align-none\"><figure class=\"wp-block-uagb-image__figure\"><img decoding=\"async\" srcset=\"https:\/\/foexam.es\/wp-content\/uploads\/2025\/09\/5-2-1.png ,https:\/\/foexam.es\/wp-content\/uploads\/2025\/09\/5-2-1.png 780w, https:\/\/foexam.es\/wp-content\/uploads\/2025\/09\/5-2-1.png 360w\" sizes=\"auto, (max-width: 480px) 150px\" src=\"https:\/\/foexam.es\/wp-content\/uploads\/2025\/09\/5-2-1.png\" alt=\"\" class=\"uag-image-464\" width=\"70\" height=\"70\" title=\"5-2-1\" loading=\"lazy\" role=\"img\"\/><\/figure><\/div>\n\n\n\n<div class=\"wp-block-uagb-advanced-heading uagb-block-262748f8\"><h3 class=\"uagb-heading-text\"><strong><strong>Planes de Emergencia a medida<\/strong><\/strong><\/h3><div class=\"uagb-separator\"><\/div><\/div>\n\n\n\n<p class=\"has-text-align-center\">Adaptados a empresas, comunidades y administraciones.<\/p>\n<\/div>\n\n\n\n<div class=\"wp-block-uagb-container uagb-block-1bebc278\">\n<div class=\"wp-block-uagb-image uagb-block-84eb68f9 wp-block-uagb-image--layout-default wp-block-uagb-image--effect-static wp-block-uagb-image--align-none\"><figure class=\"wp-block-uagb-image__figure\"><img decoding=\"async\" srcset=\"https:\/\/foexam.es\/wp-content\/uploads\/2025\/09\/5-2-2.png ,https:\/\/foexam.es\/wp-content\/uploads\/2025\/09\/5-2-2.png 780w, https:\/\/foexam.es\/wp-content\/uploads\/2025\/09\/5-2-2.png 360w\" sizes=\"auto, (max-width: 480px) 150px\" src=\"https:\/\/foexam.es\/wp-content\/uploads\/2025\/09\/5-2-2.png\" alt=\"\" class=\"uag-image-465\" width=\"70\" height=\"70\" title=\"5-2-2\" loading=\"lazy\" role=\"img\"\/><\/figure><\/div>\n\n\n\n<div class=\"wp-block-uagb-advanced-heading uagb-block-d4de21c9\"><h3 class=\"uagb-heading-text\"><strong><strong>Dispositivos de Riesgos Previsibles<\/strong><\/strong><\/h3><div class=\"uagb-separator\"><\/div><\/div>\n\n\n\n<p class=\"has-text-align-center\">Anticipaci\u00f3n y planificaci\u00f3n en grandes eventos.<\/p>\n<\/div>\n\n\n\n<div class=\"wp-block-uagb-container uagb-block-d49cc7a3\">\n<div class=\"wp-block-uagb-image uagb-block-b97cc215 wp-block-uagb-image--layout-default wp-block-uagb-image--effect-static wp-block-uagb-image--align-none\"><figure class=\"wp-block-uagb-image__figure\"><img decoding=\"async\" srcset=\"https:\/\/foexam.es\/wp-content\/uploads\/2025\/09\/5-2-3.png ,https:\/\/foexam.es\/wp-content\/uploads\/2025\/09\/5-2-3.png 780w, https:\/\/foexam.es\/wp-content\/uploads\/2025\/09\/5-2-3.png 360w\" sizes=\"auto, (max-width: 480px) 150px\" src=\"https:\/\/foexam.es\/wp-content\/uploads\/2025\/09\/5-2-3.png\" alt=\"\" class=\"uag-image-466\" width=\"70\" height=\"70\" title=\"5-2-3\" loading=\"lazy\" role=\"img\"\/><\/figure><\/div>\n\n\n\n<div class=\"wp-block-uagb-advanced-heading uagb-block-012cfd11\"><h3 class=\"uagb-heading-text\"><strong><strong>Asesoramiento T\u00e9cnico Integral<\/strong><\/strong><\/h3><div class=\"uagb-separator\"><\/div><\/div>\n\n\n\n<p class=\"has-text-align-center\">Seguridad, respuesta y continuidad de negocio.<\/p>\n<\/div>\n\n\n\n<div class=\"wp-block-uagb-container uagb-block-b672718b\">\n<div class=\"wp-block-uagb-image uagb-block-62236045 wp-block-uagb-image--layout-default wp-block-uagb-image--effect-static wp-block-uagb-image--align-none\"><figure class=\"wp-block-uagb-image__figure\"><img decoding=\"async\" srcset=\"https:\/\/foexam.es\/wp-content\/uploads\/2025\/09\/5-2-4.png ,https:\/\/foexam.es\/wp-content\/uploads\/2025\/09\/5-2-4.png 780w, https:\/\/foexam.es\/wp-content\/uploads\/2025\/09\/5-2-4.png 360w\" sizes=\"auto, (max-width: 480px) 150px\" src=\"https:\/\/foexam.es\/wp-content\/uploads\/2025\/09\/5-2-4.png\" alt=\"\" class=\"uag-image-467\" width=\"70\" height=\"70\" title=\"5-2-4\" loading=\"lazy\" role=\"img\"\/><\/figure><\/div>\n\n\n\n<div class=\"wp-block-uagb-advanced-heading uagb-block-8671bad0\"><h3 class=\"uagb-heading-text\"><strong><strong>Formaci\u00f3n de Equipos Internos<\/strong><\/strong><\/h3><div class=\"uagb-separator\"><\/div><\/div>\n\n\n\n<p class=\"has-text-align-center\">Entrenamiento pr\u00e1ctico para equipos de intervenci\u00f3n propios.<\/p>\n<\/div>\n<\/div><\/div>\n\n\n\n<div class=\"wp-block-uagb-container uagb-block-4101931b alignfull uagb-is-root-container\"><div class=\"uagb-container-inner-blocks-wrap\">\n<blockquote class=\"wp-block-quote is-layout-flow wp-container-core-quote-is-layout-8a368f38 wp-block-quote-is-layout-flow\" style=\"border-style:none;border-width:0px\">\n<p class=\"has-text-align-center has-ternary-color has-text-color has-link-color wp-elements-63bc9e9f42f2abe958d5c566c1383410\"><strong>\u201cConvierte la seguridad en una fortaleza de tu organizaci\u00f3n.\u201d<\/strong><\/p>\n<\/blockquote>\n<\/div><\/div>\n","protected":false},"excerpt":{"rendered":"<p>Coaching Empresarial para Equipos de Alto Rendimiento Cohesi\u00f3n y confianza Din\u00e1micas que fortalecen la uni\u00f3n del equipo. Resiliencia y liderazgo Herramientas para optimizar la coordinaci\u00f3n en entornos de presi\u00f3n. Cohesi\u00f3n y Enfoque pr\u00e1ctico e innovado Inspirado en la preparaci\u00f3n de bomberos, sanitarios y cuerpos de seguridad. Comunicaci\u00f3n eficaz Entrenamiento diferente, con impacto inmediato en la [&hellip;]<\/p>\n","protected":false},"author":1,"featured_media":0,"parent":0,"menu_order":0,"comment_status":"closed","ping_status":"closed","template":"wp-custom-template-consultoria","meta":{"_uag_custom_page_level_css":"","footnotes":""},"class_list":["post-315","page","type-page","status-publish","hentry"],"uagb_featured_image_src":{"full":false,"thumbnail":false,"medium":false,"medium_large":false,"large":false,"1536x1536":false,"2048x2048":false,"mailpoet_newsletter_max":false,"woocommerce_thumbnail":false,"woocommerce_single":false,"woocommerce_gallery_thumbnail":false},"uagb_author_info":{"display_name":"admin","author_link":"https:\/\/foexam.es\/index.php\/author\/admin\/"},"uagb_comment_info":0,"uagb_excerpt":"Coaching Empresarial para Equipos de Alto Rendimiento Cohesi\u00f3n y confianza Din\u00e1micas que fortalecen la uni\u00f3n del equipo. Resiliencia y liderazgo Herramientas para optimizar la coordinaci\u00f3n en entornos de presi\u00f3n. Cohesi\u00f3n y Enfoque pr\u00e1ctico e innovado Inspirado en la preparaci\u00f3n de bomberos, sanitarios y cuerpos de seguridad. Comunicaci\u00f3n eficaz Entrenamiento diferente, con impacto inmediato en la&hellip;","_links":{"self":[{"href":"https:\/\/foexam.es\/index.php\/wp-json\/wp\/v2\/pages\/315","targetHints":{"allow":["GET"]}}],"collection":[{"href":"https:\/\/foexam.es\/index.php\/wp-json\/wp\/v2\/pages"}],"about":[{"href":"https:\/\/foexam.es\/index.php\/wp-json\/wp\/v2\/types\/page"}],"author":[{"embeddable":true,"href":"https:\/\/foexam.es\/index.php\/wp-json\/wp\/v2\/users\/1"}],"replies":[{"embeddable":true,"href":"https:\/\/foexam.es\/index.php\/wp-json\/wp\/v2\/comments?post=315"}],"version-history":[{"count":75,"href":"https:\/\/foexam.es\/index.php\/wp-json\/wp\/v2\/pages\/315\/revisions"}],"predecessor-version":[{"id":855,"href":"https:\/\/foexam.es\/index.php\/wp-json\/wp\/v2\/pages\/315\/revisions\/855"}],"wp:attachment":[{"href":"https:\/\/foexam.es\/index.php\/wp-json\/wp\/v2\/media?parent=315"}],"curies":[{"name":"wp","href":"https:\/\/api.w.org\/{rel}","templated":true}]}}