{"id":270,"date":"2025-09-04T20:25:15","date_gmt":"2025-09-04T19:25:15","guid":{"rendered":"https:\/\/foexam.es\/?page_id=270"},"modified":"2025-09-04T20:25:32","modified_gmt":"2025-09-04T19:25:32","slug":"aviso-legal","status":"publish","type":"page","link":"https:\/\/foexam.es\/index.php\/aviso-legal\/","title":{"rendered":"Aviso Legal"},"content":{"rendered":"\n<div class=\"wp-block-group has-global-padding is-layout-constrained wp-block-group-is-layout-constrained\">\n<h2 class=\"wp-block-heading\"><strong><em>\ud83d\udcc4 Aviso Legal \u2013 Foexam.es<\/em><\/strong><\/h2>\n\n\n\n<h4 class=\"wp-block-heading\"><strong>Titular de la web<\/strong><\/h4>\n\n\n\n<p>En cumplimiento con lo dispuesto en la Ley 34\/2002, de 11 de julio, de Servicios de la Sociedad de la Informaci\u00f3n y del Comercio Electr\u00f3nico (LSSI-CE), se informa que el titular de la presente p\u00e1gina web es:<\/p>\n\n\n\n<ul class=\"wp-block-list\">\n<li><strong>Responsable<\/strong>: Formaci\u00f3n Operativa en Emergencias SL<\/li>\n\n\n\n<li><strong>NIF\/CIF<\/strong>: B22878847<\/li>\n\n\n\n<li><strong>Domicilio social<\/strong>: Calle Huertos 16 Bajo 3 28902 Getafe &#8211; Madrid<\/li>\n\n\n\n<li><strong>Correo electr\u00f3nico de contacto<\/strong>: privacidad@foexam.es<\/li>\n\n\n\n<li><strong>Tel\u00e9fono<\/strong>:<\/li>\n<\/ul>\n\n\n\n<h4 class=\"wp-block-heading\"><strong>Objeto<\/strong><\/h4>\n\n\n\n<p>El presente aviso legal regula el acceso, navegaci\u00f3n y uso del sitio web <strong>Foexam.es<\/strong>, as\u00ed como las responsabilidades derivadas de la utilizaci\u00f3n de sus contenidos (textos, gr\u00e1ficos, dibujos, dise\u00f1os, c\u00f3digos, software, fotograf\u00edas, m\u00fasica, v\u00eddeos, sonidos, bases de datos, im\u00e1genes, expresiones e informaciones, y cualquier otra creaci\u00f3n protegida por las leyes nacionales y los tratados internacionales sobre propiedad intelectual e industrial).<\/p>\n\n\n\n<h4 class=\"wp-block-heading\"><strong>Condiciones de uso<\/strong><\/h4>\n\n\n\n<p>El acceso a Foexam.com implica la aceptaci\u00f3n expresa y sin reservas de las presentes condiciones de uso.<br>El usuario se compromete a:<\/p>\n\n\n\n<ul class=\"wp-block-list\">\n<li>Utilizar la web de forma diligente, legal, correcta y l\u00edcita.<\/li>\n\n\n\n<li>No realizar actividades il\u00edcitas, fraudulentas o que impidan el uso normal del sitio web.<\/li>\n\n\n\n<li>No introducir virus inform\u00e1ticos ni realizar actuaciones que puedan alterar o generar errores en los contenidos.<\/li>\n<\/ul>\n\n\n\n<h4 class=\"wp-block-heading\"><strong>Propiedad intelectual e industrial<\/strong><\/h4>\n\n\n\n<p>Todos los derechos de propiedad intelectual e industrial sobre los contenidos de esta web (incluyendo dise\u00f1os, textos, im\u00e1genes, logotipos, iconos, software, nombres comerciales y cualquier otro signo distintivo) son titularidad de <strong>Formaci\u00f3n Operativa en Emergencias SL.<\/strong>, salvo aquellos pertenecientes a terceros colaboradores.<br>Queda prohibida la reproducci\u00f3n, distribuci\u00f3n, comunicaci\u00f3n p\u00fablica, transformaci\u00f3n o cualquier otra utilizaci\u00f3n sin autorizaci\u00f3n expresa y por escrito del titular.<\/p>\n\n\n\n<h4 class=\"wp-block-heading\"><strong>Responsabilidad<\/strong><\/h4>\n\n\n\n<p>Foexam no se responsabiliza de los da\u00f1os o perjuicios que pudieran derivarse del uso indebido de la web, ni de la actuaci\u00f3n de terceros que vulneren sistemas de seguridad. Tampoco se garantiza la disponibilidad continua de la p\u00e1gina web ni la ausencia de errores t\u00e9cnicos.<\/p>\n\n\n\n<h4 class=\"wp-block-heading\"><strong>Enlaces externos<\/strong><\/h4>\n\n\n\n<p>En caso de que se incluyan enlaces a p\u00e1ginas de terceros, Foexam no asume responsabilidad alguna por los contenidos o servicios ofrecidos en dichas p\u00e1ginas, que tendr\u00e1n car\u00e1cter meramente informativo.<\/p>\n\n\n\n<h4 class=\"wp-block-heading\"><strong>Legislaci\u00f3n aplicable y jurisdicci\u00f3n<\/strong><\/h4>\n\n\n\n<p>El presente aviso legal se rige por la legislaci\u00f3n espa\u00f1ola. Para cualquier controversia que pudiera derivarse del acceso o uso del sitio web, ambas partes se someter\u00e1n a los Juzgados y Tribunales de la ciudad de <strong>Madrid<\/strong>, salvo que la normativa de consumo disponga otro fuero obligatorio.<\/p>\n<\/div>\n","protected":false},"excerpt":{"rendered":"<p>\ud83d\udcc4 Aviso Legal \u2013 Foexam.es Titular de la web En cumplimiento con lo dispuesto en la Ley 34\/2002, de 11 de julio, de Servicios de la Sociedad de la Informaci\u00f3n y del Comercio Electr\u00f3nico (LSSI-CE), se informa que el titular de la presente p\u00e1gina web es: Objeto El presente aviso legal regula el acceso, navegaci\u00f3n [&hellip;]<\/p>\n","protected":false},"author":1,"featured_media":0,"parent":0,"menu_order":0,"comment_status":"closed","ping_status":"closed","template":"wp-custom-template-aviso-legal","meta":{"_uag_custom_page_level_css":"","footnotes":""},"class_list":["post-270","page","type-page","status-publish","hentry"],"uagb_featured_image_src":{"full":false,"thumbnail":false,"medium":false,"medium_large":false,"large":false,"1536x1536":false,"2048x2048":false,"mailpoet_newsletter_max":false,"woocommerce_thumbnail":false,"woocommerce_single":false,"woocommerce_gallery_thumbnail":false},"uagb_author_info":{"display_name":"admin","author_link":"https:\/\/foexam.es\/index.php\/author\/admin\/"},"uagb_comment_info":0,"uagb_excerpt":"\ud83d\udcc4 Aviso Legal \u2013 Foexam.es Titular de la web En cumplimiento con lo dispuesto en la Ley 34\/2002, de 11 de julio, de Servicios de la Sociedad de la Informaci\u00f3n y del Comercio Electr\u00f3nico (LSSI-CE), se informa que el titular de la presente p\u00e1gina web es: Objeto El presente aviso legal regula el acceso, navegaci\u00f3n&hellip;","_links":{"self":[{"href":"https:\/\/foexam.es\/index.php\/wp-json\/wp\/v2\/pages\/270","targetHints":{"allow":["GET"]}}],"collection":[{"href":"https:\/\/foexam.es\/index.php\/wp-json\/wp\/v2\/pages"}],"about":[{"href":"https:\/\/foexam.es\/index.php\/wp-json\/wp\/v2\/types\/page"}],"author":[{"embeddable":true,"href":"https:\/\/foexam.es\/index.php\/wp-json\/wp\/v2\/users\/1"}],"replies":[{"embeddable":true,"href":"https:\/\/foexam.es\/index.php\/wp-json\/wp\/v2\/comments?post=270"}],"version-history":[{"count":1,"href":"https:\/\/foexam.es\/index.php\/wp-json\/wp\/v2\/pages\/270\/revisions"}],"predecessor-version":[{"id":271,"href":"https:\/\/foexam.es\/index.php\/wp-json\/wp\/v2\/pages\/270\/revisions\/271"}],"wp:attachment":[{"href":"https:\/\/foexam.es\/index.php\/wp-json\/wp\/v2\/media?parent=270"}],"curies":[{"name":"wp","href":"https:\/\/api.w.org\/{rel}","templated":true}]}}