{"id":152,"date":"2025-09-04T00:20:46","date_gmt":"2025-09-03T23:20:46","guid":{"rendered":"http:\/\/foexam.es\/?page_id=152"},"modified":"2025-12-18T12:00:03","modified_gmt":"2025-12-18T11:00:03","slug":"oposiciones","status":"publish","type":"page","link":"https:\/\/foexam.es\/index.php\/oposiciones\/","title":{"rendered":"Oposiciones"},"content":{"rendered":"\n<h2 class=\"wp-block-heading has-text-align-center has-ternary-color has-text-color has-link-color wp-elements-5ec274c06d252aeed4c90add69de1b08\"><em>SERMAS &#8211; COMUNIDAD DE MADRID<\/em><\/h2>\n\n\n\n<hr class=\"wp-block-separator has-text-color has-primary-color has-alpha-channel-opacity has-primary-background-color has-background is-style-wide\"\/>\n\n\n\n<div class=\"wp-block-uagb-container uagb-block-c18f54f0 alignfull uagb-is-root-container\"><div class=\"uagb-container-inner-blocks-wrap\">\n<div class=\"wp-block-uagb-container uagb-block-370f614f\">\n<div class=\"wp-block-uagb-image uagb-block-072c2929 wp-block-uagb-image--layout-default wp-block-uagb-image--effect-static wp-block-uagb-image--align-none\"><figure class=\"wp-block-uagb-image__figure\"><img decoding=\"async\" srcset=\"https:\/\/foexam.es\/wp-content\/uploads\/2025\/09\/IMG_9759_blurred-150x150.jpg ,http:\/\/foexam.es\/wp-content\/uploads\/2025\/09\/IMG_9759_blurred.jpg 780w, http:\/\/foexam.es\/wp-content\/uploads\/2025\/09\/IMG_9759_blurred.jpg 360w\" sizes=\"auto, (max-width: 480px) 150px\" src=\"https:\/\/foexam.es\/wp-content\/uploads\/2025\/09\/IMG_9759_blurred-150x150.jpg\" alt=\"\" class=\"uag-image-162\" width=\"90\" height=\"150\" title=\"IMG_9759_blurred\" loading=\"lazy\" role=\"img\"\/><\/figure><\/div>\n\n\n\n<div class=\"wp-block-uagb-advanced-heading uagb-block-3ad9e2b1\"><h3 class=\"uagb-heading-text\"><strong>Oposici\u00f3n TES SUMMA 112<\/strong><\/h3><\/div>\n\n\n\n<div class=\"wp-block-uagb-separator uagb-block-91ae5422\"><div class=\"uagb-separator-spacing-wrapper\"><div class=\"wp-block-uagb-separator__inner\" style=\"--my-background-image:\"><\/div><\/div><\/div>\n\n\n\n<p class=\"has-text-align-center\">Convierte tu vocaci\u00f3n en tu plaza fija<\/p>\n\n\n\n<div class=\"wp-block-buttons is-content-justification-center is-layout-flex wp-container-core-buttons-is-layout-a89b3969 wp-block-buttons-is-layout-flex\">\n<div class=\"wp-block-button\"><a class=\"wp-block-button__link wp-element-button\" href=\"http:\/\/foexam.es\/index.php\/oposicion-tes-summa-112\/\">Accede<\/a><\/div>\n<\/div>\n<\/div>\n\n\n\n<div class=\"wp-block-uagb-container uagb-block-3eeaab49\">\n<div class=\"wp-block-uagb-image uagb-block-05de86dd wp-block-uagb-image--layout-default wp-block-uagb-image--effect-static wp-block-uagb-image--align-none\"><figure class=\"wp-block-uagb-image__figure\"><a class=\"\" href=\"https:\/\/foexam.es\/index.php\/simulacro-de-examen\/\" target=\"\" rel=\"noopener\"><img decoding=\"async\" srcset=\"https:\/\/foexam.es\/wp-content\/uploads\/2025\/12\/imagen-simulacro-examen-150x150.png ,http:\/\/foexam.es\/wp-content\/uploads\/2025\/12\/imagen-simulacro-examen.png 780w, http:\/\/foexam.es\/wp-content\/uploads\/2025\/12\/imagen-simulacro-examen.png 360w\" sizes=\"auto, (max-width: 480px) 150px\" src=\"https:\/\/foexam.es\/wp-content\/uploads\/2025\/12\/imagen-simulacro-examen-150x150.png\" alt=\"\" class=\"uag-image-689\" width=\"90\" height=\"150\" title=\"imagen simulacro examen\" loading=\"lazy\" role=\"img\"\/><\/a><\/figure><\/div>\n\n\n\n<div class=\"wp-block-uagb-advanced-heading uagb-block-efc54ab0\"><h3 class=\"uagb-heading-text\"><a href=\"https:\/\/foexam.es\/index.php\/simulacro-de-examen\/\" data-type=\"page\" data-id=\"681\">Simulacro de examen oposici\u00f3n TES SUMMA 112<\/a><\/h3><\/div>\n\n\n\n<div class=\"wp-block-uagb-separator uagb-block-3c44def2\"><div class=\"uagb-separator-spacing-wrapper\"><div class=\"wp-block-uagb-separator__inner\" style=\"--my-background-image:\"><\/div><\/div><\/div>\n\n\n\n<p class=\"has-text-align-center\">Ya seas alumno\/a de FoeXam o no, este simulacro es para ti.<\/p>\n\n\n\n<div class=\"wp-block-buttons is-content-justification-center is-layout-flex wp-container-core-buttons-is-layout-a89b3969 wp-block-buttons-is-layout-flex\">\n<div class=\"wp-block-button\"><a class=\"wp-block-button__link wp-element-button\" href=\"https:\/\/foexam.es\/index.php\/simulacro-de-examen\/\">Informaci\u00f3n<\/a><\/div>\n<\/div>\n<\/div>\n<\/div><\/div>\n","protected":false},"excerpt":{"rendered":"<p>SERMAS &#8211; COMUNIDAD DE MADRID Oposici\u00f3n TES SUMMA 112 Convierte tu vocaci\u00f3n en tu plaza fija Simulacro de examen oposici\u00f3n TES SUMMA 112 Ya seas alumno\/a de FoeXam o no, este simulacro es para ti.<\/p>\n","protected":false},"author":1,"featured_media":0,"parent":0,"menu_order":0,"comment_status":"closed","ping_status":"closed","template":"wp-custom-template-oposiciones","meta":{"_uag_custom_page_level_css":"","footnotes":""},"class_list":["post-152","page","type-page","status-publish","hentry"],"uagb_featured_image_src":{"full":false,"thumbnail":false,"medium":false,"medium_large":false,"large":false,"1536x1536":false,"2048x2048":false,"mailpoet_newsletter_max":false,"woocommerce_thumbnail":false,"woocommerce_single":false,"woocommerce_gallery_thumbnail":false},"uagb_author_info":{"display_name":"admin","author_link":"https:\/\/foexam.es\/index.php\/author\/admin\/"},"uagb_comment_info":0,"uagb_excerpt":"SERMAS &#8211; COMUNIDAD DE MADRID Oposici\u00f3n TES SUMMA 112 Convierte tu vocaci\u00f3n en tu plaza fija Simulacro de examen oposici\u00f3n TES SUMMA 112 Ya seas alumno\/a de FoeXam o no, este simulacro es para ti.","_links":{"self":[{"href":"https:\/\/foexam.es\/index.php\/wp-json\/wp\/v2\/pages\/152","targetHints":{"allow":["GET"]}}],"collection":[{"href":"https:\/\/foexam.es\/index.php\/wp-json\/wp\/v2\/pages"}],"about":[{"href":"https:\/\/foexam.es\/index.php\/wp-json\/wp\/v2\/types\/page"}],"author":[{"embeddable":true,"href":"https:\/\/foexam.es\/index.php\/wp-json\/wp\/v2\/users\/1"}],"replies":[{"embeddable":true,"href":"https:\/\/foexam.es\/index.php\/wp-json\/wp\/v2\/comments?post=152"}],"version-history":[{"count":9,"href":"https:\/\/foexam.es\/index.php\/wp-json\/wp\/v2\/pages\/152\/revisions"}],"predecessor-version":[{"id":701,"href":"https:\/\/foexam.es\/index.php\/wp-json\/wp\/v2\/pages\/152\/revisions\/701"}],"wp:attachment":[{"href":"https:\/\/foexam.es\/index.php\/wp-json\/wp\/v2\/media?parent=152"}],"curies":[{"name":"wp","href":"https:\/\/api.w.org\/{rel}","templated":true}]}}